{"id":6,"date":"2021-03-28T21:01:02","date_gmt":"2021-03-28T21:01:02","guid":{"rendered":"https:\/\/www.prawo-krakow.pl\/blog\/?page_id=6"},"modified":"2026-03-10T13:33:29","modified_gmt":"2026-03-10T13:33:29","slug":"kancelaria-krakow-radca-prawny-krakow","status":"publish","type":"page","link":"https:\/\/www.prawo-krakow.pl\/blog\/","title":{"rendered":"Kancelaria Prawna \u2013 prawnik (porady prawne) Krak\u00f3w"},"content":{"rendered":"\n<h2 class=\"wp-block-heading\">Radca prawny &#8211;  Krak\u00f3w<\/h2>\n\n\n\n<p>Prawo i jego przepisy potrafi\u0105 by\u0107 naprawd\u0119 trudne do zrozumienia w wielu przypadkach. Szczeg\u00f3lnie osoby, kt\u00f3re na co dzie\u0144 nie musz\u0105 z nim bli\u017cej obcowa\u0107, mog\u0105 mie\u0107 problem z poj\u0119ciem niekt\u00f3rych zasad.&nbsp; &nbsp;Brak znajomo\u015bci prawa nie zwalnia z obowi\u0105zku przestrzegania go. Dlatego tym bardziej trzeba uwa\u017ca\u0107, aby nie pope\u0142ni\u0107 b\u0142\u0119du, kt\u00f3ry mo\u017ce s\u0142ono kosztowa\u0107. Dobry prawnik jest w stanie pom\u00f3c w trudnej sytuacji w sprawie s\u0105dowej, u komornika, a tak\u017ce w trudnych negocjacjach z kontrahentami.<\/p>\n\n\n\n<p>Osoby, kt\u00f3re maj\u0105 problemy natury prawnej, cz\u0119sto nie bardzo rozumiej\u0105, z czego one wynikaj\u0105 i w jaki spos\u00f3b je rozwi\u0105za\u0107. Mog\u0105 uzyska\u0107 niezb\u0119dn\u0105 pomoc, korzystaj\u0105c z <strong>us\u0142ug prawnych<\/strong>, jakie oferuje nasza kancelaria prawna (Krak\u00f3w). Prawnicy w kancelarii dzia\u0142aj\u0105 w oparciu o do\u015bwiadczenie zdobywane w s\u0105dach, urz\u0119dach i w trakcie prowadzenia negocjacji. Serdecznie zapraszamy wszystkich zainteresowanych do <a href=\"https:\/\/www.prawo-krakow.pl\/blog\/kontakt\/\"><strong>kontaktu<\/strong><\/a>.<\/p>\n\n\n\n<h2 class=\"wp-block-heading\">Prawnik &#8211; radca prawny Krak\u00f3w <\/h2>\n\n\n\n<p>Nasza kancelaria prawna jest miejscem, w kt\u00f3rym bazujemy na do\u015bwiadczeniu prawnik\u00f3w i zaanga\u017cowaniu w sprawy naszych\u00a0 klient\u00f3w. Dzia\u0142amy wiele lat w zakresie porad prawnych, prowadzenia spraw s\u0105dowych i obs\u0142ugi prawnej firm. Jeste\u015bmy w stanie profesjonalnie \u015bwiadczy\u0107 us\u0142ugi zar\u00f3wno osobom indywidualnym, jak i w przypadku przedsi\u0119biorc\u00f3w. Pomagamy w zakresie <strong>dora\u017anej i sta\u0142ej <a href=\"https:\/\/panoramafirm.pl\/artykuly\/uslugi-dla-firm\/obsluga-prawna-firmy-w-lizon-kancelaria-prawna-180550.html\">obs\u0142ugi prawnej firm<\/a><\/strong>. Do naszej kancelarii prawnej w Krakowie trafiaj\u0105 klienci, kt\u00f3rych trudne sprawy wymagaj\u0105 reprezentacji w s\u0105dzie. Trafiaj\u0105 te\u017c do nas w sprawie pomocy w tworzeniu i opiniowania zawartych dotychczas um\u00f3w. <strong>Zajmujemy si\u0119 doradztwem prawnym <\/strong>, a wszystkie nasze us\u0142ugi \u0142\u0105czy indywidualne i profesjonalne podej\u015bcie do klienta oraz kierowanie si\u0119 jego dobrem. \u015awiadczymy <strong>us\u0142ugi prawne w Krakowie<\/strong>. Ponadto pomagamy tak\u017ce na terenie ca\u0142ego wojew\u00f3dztwa ma\u0142opolskiego i \u015bl\u0105skiego, w szczeg\u00f3lno\u015bci oferuj\u0105c porady prawne w Chrzanowie. <strong>W formie porad prawnych online i w sprawach s\u0105dowych \u015bwiadczymy nasze us\u0142ugi na terenie ca\u0142ej Polski.<\/strong><\/p>\n\n\n\n<div class=\"wp-block-buttons is-content-justification-center is-layout-flex wp-container-core-buttons-is-layout-16018d1d wp-block-buttons-is-layout-flex\">\n<div class=\"wp-block-button\"><a class=\"wp-block-button__link has-base-3-color has-accent-background-color has-text-color has-background has-link-color wp-element-button\" href=\"tel:+48 514 089 599\">Skontaktuj si\u0119 z nami!<\/a><\/div>\n<\/div>\n\n\n\n<p>W naszej kancelarii prawnej w Krakowie mo\u017cemy zaoferowa\u0107 Pa\u0144stwu zar\u00f3wno porady prawne (Krak\u00f3w), a tak\u017ce sta\u0142\u0105 i dora\u017an\u0105 obs\u0142ug\u0119 firm oraz sp\u00f3\u0142ek.  Dzia\u0142amy zgodnie z do\u015bwiadczeniem, kt\u00f3re nabyli\u015bmy przez lata dzia\u0142alno\u015bci jako kancelaria prawna (Krak\u00f3w). Nasza wiedza zdobyta w praktyce pomaga dzia\u0142a\u0107 w oparciu o konkretn\u0105 specyfik\u0119, pod kt\u00f3r\u0105 proponujemy dopasowane rozwi\u0105zania prawne. Nasi prawnicy w Krakowie zajmuj\u0105 si\u0119 tak\u017ce rejestrowaniem sp\u00f3\u0142ek, fundacji oraz stowarzysze\u0144 w Krajowym Rejestrze S\u0105dowym. Pomagamy tak\u017ce w zakresie formularzy KRS. W szczeg\u00f3lno\u015bci sk\u0142adamy wnioski o wpis zmian w w Krajowym Rejestrze S\u0105dowym. Ponadto kancelaria prawna opiniuje i tworzy dokumenty prawne, w tym umowy i regulaminy.<\/p>\n\n\n\n<p>Nasi prawnicy maj\u0105 do\u015bwiadczenie w r\u00f3\u017cnych dziedzinach prawa. W naszej kancelarii prawnej w Krakowie mog\u0105 Pa\u0144stwo uzyska\u0107 pomoc w sprawach z zakresu:<\/p>\n\n\n\n<ul class=\"wp-block-list\">\n<li>spraw s\u0105dowych<\/li>\n\n\n\n<li><a href=\"https:\/\/www.prawo-krakow.pl\/blog\/rozwod-i-podzial-majatku\/\" type=\"link\" id=\"https:\/\/www.prawo-krakow.pl\/blog\/rozwod-i-podzial-majatku\/\"><strong>prawa rodzinnego<\/strong><\/a>,<\/li>\n\n\n\n<li><a href=\"https:\/\/www.prawo-krakow.pl\/blog\/specjalizacje\/obsluga-prawna-firm-i-spolek\/\">prawa gospodarczego<\/a>,<\/li>\n\n\n\n<li><strong>prawa odszkodowa\u0144<\/strong>,<\/li>\n\n\n\n<li>prawa rzeczowego,<\/li>\n\n\n\n<li><a href=\"\/prawo-spadkowe\/\"><strong>prawa spadkowego<\/strong><\/a>,<\/li>\n\n\n\n<li>prawa zobowi\u0105za\u0144.<\/li>\n<\/ul>\n\n\n\n<p>Korzystaj\u0105c z naszych us\u0142ug mo\u017cecie Pa\u0144stwo skorzysta\u0107 z pomocy takiego prawnika jak radca prawny Krak\u00f3w to miejsce, gdzie znajduje si\u0119 siedziba kancelarii, mamy tak\u017ce swoje biuro prawne w Chrzanowie.<\/p>\n\n\n\n<h2 class=\"gb-headline gb-headline-4356e7da gb-headline-text\">Kancelarie Krak\u00f3w<\/h2>\n\n\n\n<details>\n<p>Jako do\u015bwiadczeni prawnicy wiele razy reprezentowali\u015bmy klient\u00f3w przed s\u0105dami i urz\u0119dami. Nasi&nbsp; prawnicy w Krakowie mog\u0105 tak\u017ce zaj\u0105\u0107 si\u0119 sk\u0142adaniem wniosk\u00f3w do s\u0105du i pisaniem pozw\u00f3w z zakresu r\u00f3\u017cnych dziedzin prawa.<\/p>\n<p>Bierzemy r\u00f3wnie\u017c udzia\u0142 w spotkaniach mediacyjnych. Ka\u017cdy dobry prawnik (Krak\u00f3w) w naszej kancelarii prawnej zdaje sobie spraw\u0119, \u017ce klienci cz\u0119sto spotykaj\u0105 si\u0119 z poj\u0119ciami ma\u0142o zrozumia\u0142ymi i sytuacjami, kt\u00f3re wydaj\u0105 si\u0119 nie mie\u0107 wyj\u015bcia. Celem naszych dobrych prawnik\u00f3w z Krakowa jest wyt\u0142umaczenie wszelkich zagadnie\u0144 z zakresu prawa na j\u0119zyk prosty i zrozumia\u0142y. Mo\u017cemy tak\u017ce s\u0142u\u017cy\u0107 porad\u0105 prawn\u0105 (Krak\u00f3w) podaj\u0105c najlepsze rozwi\u0105zanie dla interesu naszego klienta. W ka\u017cdym przypadku nasza kancelaria prawna (Krak\u00f3w) do spraw podchodzi indywidualnie, profesjonalnie i staramy si\u0119 znajdowa\u0107 r\u00f3\u017cne nieszablonowe perspektywy, kt\u00f3re pozwalaj\u0105 odkrywa\u0107 ciekawe rozwi\u0105zania problem\u00f3w, z kt\u00f3rymi Pa\u0144stwo si\u0119 do nas zg\u0142aszaj\u0105.<\/p>\n<h2><strong>Kancelaria Prawna Krak\u00f3w<\/strong><\/h2>\n<p>Nasza <strong>kancelaria prawna (Krak\u00f3w)<\/strong> funkcjonuje ju\u017c od d\u0142ugiego czasu. Od samego pocz\u0105tku dzia\u0142alno\u015bci na pierwszym miejscu stawiamy dobro i zadowolenie klienta. Pracuj\u0105cy dla nas dobrzy prawnicy z Krakowa to prawdziwi specjali\u015bci posiadaj\u0105cy ogromn\u0105 wiedz\u0119 oraz wieloletnie do\u015bwiadczenie, kt\u00f3re skutecznie wykorzystuj\u0105, aby udziela\u0107 osobom potrzebuj\u0105cym wsparcia w formie <strong>porad prawnych w Krakowie<\/strong>.<\/p>\n<p>Chc\u0105c zapewni\u0107 najwy\u017csz\u0105 jako\u015b\u0107 us\u0142ug porad prawnych w Krakowie, do ka\u017cdej zg\u0142oszonej sprawy podchodzimy ca\u0142kowicie indywidualnie. Pozwala nam to na dok\u0142adne przyjrzenie si\u0119 problemowi, u\u0142o\u017cenie planu oraz podj\u0119cie stosownych dzia\u0142a\u0144, kt\u00f3re dadz\u0105 konkretne efekty. Dzi\u0119ki pomocy&nbsp; dobrego prawnika w Krakowie mo\u017cna sprawnie i szybko pozby\u0107 si\u0119 k\u0142opot\u00f3w zwi\u0105zanych z kwestiami prawnymi.<\/p>\n<p>Potrzebuj\u0105 Pa\u0144stwo pomocy skutecznego i dobrego <strong>prawnika w Krakowie<\/strong>? Dzia\u0142amy na terenie Krakowa i jego okolic. Zainteresowanych zapraszamy do kontaktu. Wsp\u00f3lnie znajdziemy dogodny termin spotkania, na kt\u00f3rym zostan\u0105 om\u00f3wione szczeg\u00f3\u0142y Pa\u0144stwa sprawy.<\/p>\n\n<h2>Dobry prawnik Krak\u00f3w \u2013 jak przygotowa\u0107 si\u0119 do spotkania?<\/h2>\nOdpowiednie przygotowanie przed pierwszym spotkaniem mo\u017ce okaza\u0107 si\u0119 niezwykle pomocne. Dlatego warto zebra\u0107 wszystkie dokumenty zwi\u0105zane ze spraw\u0105, przygotowa\u0107 kr\u00f3tki opis wydarze\u0144 oraz jasno okre\u015bli\u0107 sw\u00f3j cel. Dobrym pomys\u0142em b\u0119dzie sporz\u0105dzenie listy pyta\u0144, do kt\u00f3rych podczas rozmowy b\u0119dziemy mogli si\u0119 odnie\u015b\u0107, aby rozwia\u0107 pojawiaj\u0105ce si\u0119 w\u0105tpliwo\u015bci.\n\nDobre przygotowanie pozwala szybciej oceni\u0107 sytuacj\u0119, a nast\u0119pnie zaproponowa\u0107 optymaln\u0105 strategi\u0119 dzia\u0142ania. \n\n<h2>Kancelaria prawna Krak\u00f3w \u2013 kiedy zdecydowa\u0107 si\u0119 na pomoc prawn\u0105?<\/h2>\nZ naszego wsparcia warto skorzysta\u0107 w wielu sytuacjach, gdy samodzielne dzia\u0142ania mog\u0105 nie przynie\u015b\u0107 po\u017c\u0105danych rezultat\u00f3w. W zwi\u0105zku z tym, kiedy otrzymaj\u0105 Pa\u0144stwo pismo z s\u0105du lub urz\u0119du, planuj\u0105 podpisa\u0107 wa\u017cn\u0105 umow\u0119 czy s\u0105 w sporze z inn\u0105 osob\u0105 b\u0105d\u017a firm\u0105, dobrym rozwi\u0105zaniem b\u0119dzie podj\u0119cie z nami wsp\u00f3\u0142pracy. \n\nJeste\u015bmy ekspertami z do\u015bwiadczeniem, dzi\u0119ki czemu wiemy, jakie kroki nale\u017cy podj\u0105\u0107, aby ca\u0142y proces przebieg\u0142 sprawnie i bez zb\u0119dnych komplikacji. Nasi klienci niejednokrotnie nie znaj\u0105 konsekwencji prawnych swoich dzia\u0142a\u0144, dlatego podejmowanie dzia\u0142a\u0144 na w\u0142asn\u0105 r\u0119k\u0119, nie jest korzystnym wyborem. \n<h2>Porady prawne Krak\u00f3w \u2013 dlaczego nasze wsparcie jest tak istotne?<\/h2>\nBrak wiedzy prawnej mo\u017ce prowadzi\u0107 do nieodwracalnych konsekwencji. W wyniku tego profesjonalna pomoc prawnika w Krakowie pomaga unikn\u0105\u0107 b\u0142\u0119d\u00f3w, a tak\u017ce przyczynia si\u0119 do sprawniejszego przebiegu ca\u0142ej sprawy. Dopilnujemy wszelkich termin\u00f3w i b\u0119dziemy reprezentowa\u0107 klienta w kontaktach z instytucjami oraz przed s\u0105dem. \n\nPodj\u0119cie z nami wsp\u00f3\u0142pracy to nie tylko spos\u00f3b na odci\u0105\u017cenie si\u0119 z nadmiaru obowi\u0105zk\u00f3w czy wi\u0119ksze poczucie bezpiecze\u0144stwa, ale r\u00f3wnie\u017c zwi\u0119kszenie swoich szans na pomy\u015blny bieg wydarze\u0144. \n\nNasza kancelaria jest to miejscem, w kt\u00f3rym mog\u0105 Pa\u0144stwo otrzyma\u0107 fachowe doradztwo i indywidualne podej\u015bcie. To inwestycja spok\u00f3j oraz rzetelne podej\u015bcie do problemu.\n\n<\/details>\n\n\n\n<p><\/p>\n\n\n\n<p><\/p>\n\n\n\n<p><\/p>\n","protected":false},"excerpt":{"rendered":"<p>Radca prawny &#8211; Krak\u00f3w Prawo i jego przepisy potrafi\u0105 by\u0107 naprawd\u0119 trudne do zrozumienia w wielu przypadkach. Szczeg\u00f3lnie osoby, kt\u00f3re na co dzie\u0144 nie musz\u0105 &#8230; <\/p>\n<p class=\"read-more-container\"><a title=\"Kancelaria Prawna \u2013 prawnik (porady prawne) Krak\u00f3w\" class=\"read-more button\" href=\"https:\/\/www.prawo-krakow.pl\/blog\/#more-6\" aria-label=\"More on Kancelaria Prawna \u2013 prawnik (porady prawne) Krak\u00f3w\">Czytaj dalej<\/a><\/p>\n","protected":false},"author":1,"featured_media":0,"parent":0,"menu_order":0,"comment_status":"closed","ping_status":"closed","template":"","meta":{"footnotes":""},"class_list":["post-6","page","type-page","status-publish"],"yoast_head":"<!-- This site is optimized with the Yoast SEO plugin v27.3 - https:\/\/yoast.com\/product\/yoast-seo-wordpress\/ -->\n<title>Dobry Prawnik, Porady Prawne, Kancelaria Prawna Krak\u00f3w | prawo-krakow.pl<\/title>\n<meta name=\"description\" content=\"Kancelaria prawna \u015bwiadczy doradztwo prawne, w tym obs\u0142ug\u0119 os\u00f3b indywidualnych i firm, w oparciu o nasze do\u015bwiadczenie. Radca prawny Krak\u00f3w.\" \/>\n<meta name=\"robots\" content=\"index, follow, max-snippet:-1, max-image-preview:large, max-video-preview:-1\" \/>\n<link rel=\"canonical\" href=\"https:\/\/www.prawo-krakow.pl\/blog\/\" \/>\n<meta property=\"og:locale\" content=\"pl_PL\" \/>\n<meta property=\"og:type\" content=\"article\" \/>\n<meta property=\"og:title\" content=\"Dobry Prawnik, Porady Prawne, Kancelaria Prawna Krak\u00f3w | prawo-krakow.pl\" \/>\n<meta property=\"og:description\" content=\"Kancelaria prawna \u015bwiadczy doradztwo prawne, w tym obs\u0142ug\u0119 os\u00f3b indywidualnych i firm, w oparciu o nasze do\u015bwiadczenie. Radca prawny Krak\u00f3w.\" \/>\n<meta property=\"og:url\" content=\"https:\/\/www.prawo-krakow.pl\/blog\/\" \/>\n<meta property=\"og:site_name\" content=\"Prawnicza Kancelaria\" \/>\n<meta property=\"article:publisher\" content=\"https:\/\/www.facebook.com\/prawnikradca\" \/>\n<meta property=\"article:modified_time\" content=\"2026-03-10T13:33:29+00:00\" \/>\n<meta name=\"twitter:card\" content=\"summary_large_image\" \/>\n<meta name=\"twitter:label1\" content=\"Szacowany czas czytania\" \/>\n\t<meta name=\"twitter:data1\" content=\"6 minut\" \/>\n<script type=\"application\/ld+json\" class=\"yoast-schema-graph\">{\"@context\":\"https:\\\/\\\/schema.org\",\"@graph\":[{\"@type\":\"WebPage\",\"@id\":\"https:\\\/\\\/www.prawo-krakow.pl\\\/blog\\\/\",\"url\":\"https:\\\/\\\/www.prawo-krakow.pl\\\/blog\\\/\",\"name\":\"Dobry Prawnik, Porady Prawne, Kancelaria Prawna Krak\u00f3w | prawo-krakow.pl\",\"isPartOf\":{\"@id\":\"https:\\\/\\\/www.prawo-krakow.pl\\\/blog\\\/#website\"},\"datePublished\":\"2021-03-28T21:01:02+00:00\",\"dateModified\":\"2026-03-10T13:33:29+00:00\",\"description\":\"Kancelaria prawna \u015bwiadczy doradztwo prawne, w tym obs\u0142ug\u0119 os\u00f3b indywidualnych i firm, w oparciu o nasze do\u015bwiadczenie. Radca prawny Krak\u00f3w.\",\"breadcrumb\":{\"@id\":\"https:\\\/\\\/www.prawo-krakow.pl\\\/blog\\\/#breadcrumb\"},\"inLanguage\":\"pl-PL\",\"potentialAction\":[{\"@type\":\"ReadAction\",\"target\":[\"https:\\\/\\\/www.prawo-krakow.pl\\\/blog\\\/\"]}]},{\"@type\":\"BreadcrumbList\",\"@id\":\"https:\\\/\\\/www.prawo-krakow.pl\\\/blog\\\/#breadcrumb\",\"itemListElement\":[{\"@type\":\"ListItem\",\"position\":1,\"name\":\"Strona g\u0142\u00f3wna\",\"item\":\"https:\\\/\\\/www.prawo-krakow.pl\\\/blog\\\/\"},{\"@type\":\"ListItem\",\"position\":2,\"name\":\"Kancelaria Prawna \u2013 prawnik (porady prawne) Krak\u00f3w\"}]},{\"@type\":\"WebSite\",\"@id\":\"https:\\\/\\\/www.prawo-krakow.pl\\\/blog\\\/#website\",\"url\":\"https:\\\/\\\/www.prawo-krakow.pl\\\/blog\\\/\",\"name\":\"Prawnicza Kancelaria\",\"description\":\"Do\u015bwiadczony Prawnik\",\"publisher\":{\"@id\":\"https:\\\/\\\/www.prawo-krakow.pl\\\/blog\\\/#organization\"},\"potentialAction\":[{\"@type\":\"SearchAction\",\"target\":{\"@type\":\"EntryPoint\",\"urlTemplate\":\"https:\\\/\\\/www.prawo-krakow.pl\\\/blog\\\/?s={search_term_string}\"},\"query-input\":{\"@type\":\"PropertyValueSpecification\",\"valueRequired\":true,\"valueName\":\"search_term_string\"}}],\"inLanguage\":\"pl-PL\"},{\"@type\":\"Organization\",\"@id\":\"https:\\\/\\\/www.prawo-krakow.pl\\\/blog\\\/#organization\",\"name\":\"Kancelaria Prawna\",\"url\":\"https:\\\/\\\/www.prawo-krakow.pl\\\/blog\\\/\",\"logo\":{\"@type\":\"ImageObject\",\"inLanguage\":\"pl-PL\",\"@id\":\"https:\\\/\\\/www.prawo-krakow.pl\\\/blog\\\/#\\\/schema\\\/logo\\\/image\\\/\",\"url\":\"https:\\\/\\\/www.prawo-krakow.pl\\\/blog\\\/wp-content\\\/uploads\\\/2021\\\/04\\\/cropped-court-hammer-books-judgment-law-concept.jpg\",\"contentUrl\":\"https:\\\/\\\/www.prawo-krakow.pl\\\/blog\\\/wp-content\\\/uploads\\\/2021\\\/04\\\/cropped-court-hammer-books-judgment-law-concept.jpg\",\"width\":1000,\"height\":667,\"caption\":\"Kancelaria Prawna\"},\"image\":{\"@id\":\"https:\\\/\\\/www.prawo-krakow.pl\\\/blog\\\/#\\\/schema\\\/logo\\\/image\\\/\"},\"sameAs\":[\"https:\\\/\\\/www.facebook.com\\\/prawnikradca\"]}]}<\/script>\n<!-- \/ Yoast SEO plugin. -->","yoast_head_json":{"title":"Dobry Prawnik, Porady Prawne, Kancelaria Prawna Krak\u00f3w | prawo-krakow.pl","description":"Kancelaria prawna \u015bwiadczy doradztwo prawne, w tym obs\u0142ug\u0119 os\u00f3b indywidualnych i firm, w oparciu o nasze do\u015bwiadczenie. Radca prawny Krak\u00f3w.","robots":{"index":"index","follow":"follow","max-snippet":"max-snippet:-1","max-image-preview":"max-image-preview:large","max-video-preview":"max-video-preview:-1"},"canonical":"https:\/\/www.prawo-krakow.pl\/blog\/","og_locale":"pl_PL","og_type":"article","og_title":"Dobry Prawnik, Porady Prawne, Kancelaria Prawna Krak\u00f3w | prawo-krakow.pl","og_description":"Kancelaria prawna \u015bwiadczy doradztwo prawne, w tym obs\u0142ug\u0119 os\u00f3b indywidualnych i firm, w oparciu o nasze do\u015bwiadczenie. Radca prawny Krak\u00f3w.","og_url":"https:\/\/www.prawo-krakow.pl\/blog\/","og_site_name":"Prawnicza Kancelaria","article_publisher":"https:\/\/www.facebook.com\/prawnikradca","article_modified_time":"2026-03-10T13:33:29+00:00","twitter_card":"summary_large_image","twitter_misc":{"Szacowany czas czytania":"6 minut"},"schema":{"@context":"https:\/\/schema.org","@graph":[{"@type":"WebPage","@id":"https:\/\/www.prawo-krakow.pl\/blog\/","url":"https:\/\/www.prawo-krakow.pl\/blog\/","name":"Dobry Prawnik, Porady Prawne, Kancelaria Prawna Krak\u00f3w | prawo-krakow.pl","isPartOf":{"@id":"https:\/\/www.prawo-krakow.pl\/blog\/#website"},"datePublished":"2021-03-28T21:01:02+00:00","dateModified":"2026-03-10T13:33:29+00:00","description":"Kancelaria prawna \u015bwiadczy doradztwo prawne, w tym obs\u0142ug\u0119 os\u00f3b indywidualnych i firm, w oparciu o nasze do\u015bwiadczenie. Radca prawny Krak\u00f3w.","breadcrumb":{"@id":"https:\/\/www.prawo-krakow.pl\/blog\/#breadcrumb"},"inLanguage":"pl-PL","potentialAction":[{"@type":"ReadAction","target":["https:\/\/www.prawo-krakow.pl\/blog\/"]}]},{"@type":"BreadcrumbList","@id":"https:\/\/www.prawo-krakow.pl\/blog\/#breadcrumb","itemListElement":[{"@type":"ListItem","position":1,"name":"Strona g\u0142\u00f3wna","item":"https:\/\/www.prawo-krakow.pl\/blog\/"},{"@type":"ListItem","position":2,"name":"Kancelaria Prawna \u2013 prawnik (porady prawne) Krak\u00f3w"}]},{"@type":"WebSite","@id":"https:\/\/www.prawo-krakow.pl\/blog\/#website","url":"https:\/\/www.prawo-krakow.pl\/blog\/","name":"Prawnicza Kancelaria","description":"Do\u015bwiadczony Prawnik","publisher":{"@id":"https:\/\/www.prawo-krakow.pl\/blog\/#organization"},"potentialAction":[{"@type":"SearchAction","target":{"@type":"EntryPoint","urlTemplate":"https:\/\/www.prawo-krakow.pl\/blog\/?s={search_term_string}"},"query-input":{"@type":"PropertyValueSpecification","valueRequired":true,"valueName":"search_term_string"}}],"inLanguage":"pl-PL"},{"@type":"Organization","@id":"https:\/\/www.prawo-krakow.pl\/blog\/#organization","name":"Kancelaria Prawna","url":"https:\/\/www.prawo-krakow.pl\/blog\/","logo":{"@type":"ImageObject","inLanguage":"pl-PL","@id":"https:\/\/www.prawo-krakow.pl\/blog\/#\/schema\/logo\/image\/","url":"https:\/\/www.prawo-krakow.pl\/blog\/wp-content\/uploads\/2021\/04\/cropped-court-hammer-books-judgment-law-concept.jpg","contentUrl":"https:\/\/www.prawo-krakow.pl\/blog\/wp-content\/uploads\/2021\/04\/cropped-court-hammer-books-judgment-law-concept.jpg","width":1000,"height":667,"caption":"Kancelaria Prawna"},"image":{"@id":"https:\/\/www.prawo-krakow.pl\/blog\/#\/schema\/logo\/image\/"},"sameAs":["https:\/\/www.facebook.com\/prawnikradca"]}]}},"_links":{"self":[{"href":"https:\/\/www.prawo-krakow.pl\/blog\/wp-json\/wp\/v2\/pages\/6","targetHints":{"allow":["GET"]}}],"collection":[{"href":"https:\/\/www.prawo-krakow.pl\/blog\/wp-json\/wp\/v2\/pages"}],"about":[{"href":"https:\/\/www.prawo-krakow.pl\/blog\/wp-json\/wp\/v2\/types\/page"}],"author":[{"embeddable":true,"href":"https:\/\/www.prawo-krakow.pl\/blog\/wp-json\/wp\/v2\/users\/1"}],"replies":[{"embeddable":true,"href":"https:\/\/www.prawo-krakow.pl\/blog\/wp-json\/wp\/v2\/comments?post=6"}],"version-history":[{"count":43,"href":"https:\/\/www.prawo-krakow.pl\/blog\/wp-json\/wp\/v2\/pages\/6\/revisions"}],"predecessor-version":[{"id":4931,"href":"https:\/\/www.prawo-krakow.pl\/blog\/wp-json\/wp\/v2\/pages\/6\/revisions\/4931"}],"wp:attachment":[{"href":"https:\/\/www.prawo-krakow.pl\/blog\/wp-json\/wp\/v2\/media?parent=6"}],"curies":[{"name":"wp","href":"https:\/\/api.w.org\/{rel}","templated":true}]}}