{"id":4091,"date":"2021-05-30T20:21:20","date_gmt":"2021-05-30T20:21:20","guid":{"rendered":"https:\/\/www.prawo-krakow.pl\/blog\/?page_id=4091"},"modified":"2021-12-16T12:09:57","modified_gmt":"2021-12-16T12:09:57","slug":"prawo-podatkowe","status":"publish","type":"page","link":"https:\/\/www.prawo-krakow.pl\/blog\/prawo-podatkowe\/","title":{"rendered":"Prawo podatkowe"},"content":{"rendered":"\n<p>W naszej kancelarii udzielamy <a href=\"\/\">pomocy prawnej<\/a> przed organami w sprawach <strong>prawa podatkowego<\/strong>. Reprezentujemy naszych klient\u00f3w w post\u0119powaniu przed organami podatkowymi, w za\u015b szczeg\u00f3lno\u015bci<strong> w ramach kontroli podatkowej oraz w razie wyst\u0119powania przed s\u0105dami administracyjnymi.<\/strong> Sporz\u0105dzamy projekty pism, w tym odwo\u0142a\u0144 i za\u017cale\u0144, a tak\u017ce skarg na decyzje organ\u00f3w podatkowych.<\/p>\n\n\n\n<h2 class=\"wp-block-heading\">Pomoc w sprawach podatkowych<\/h2>\n\n\n\n<p><strong>W sprawach podatkowych zapewniamy kompleksow\u0105 pomoc prawn\u0105 przy rozwi\u0105zywaniu problem\u00f3w podatkowych<\/strong> naszych klient\u00f3w, przeprowadzaj\u0105c ich analiz\u0119 prawn\u0105 w oparciu o orzecznictwo s\u0105d\u00f3w administracyjnych oraz do\u015bwiadczenie specjalist\u00f3w w naszej kancelarii.\nOferujemy pomoc prawn\u0105 w <a href=\"https:\/\/www.prawo-krakow.pl\/blog\/specjalizacje\/obsluga-prawna-firm-i-spolek\/\">prowadzeniu spraw dotycz\u0105cych odpowiedzialno\u015bci podatkowej firm<\/a>, os\u00f3b prywatnych, opodatkowania dochod\u00f3w z nieujawnionych \u017ar\u00f3de\u0142, podatku od czynno\u015bci cywilnoprawnych, opodatkowania sp\u00f3\u0142ek i ich wsp\u00f3lnik\u00f3w, a tak\u017ce opodatkowania  czynno\u015bci prawnych. Zapraszamy do kontaktu oraz zadawania pyta\u0144 w razie w\u0105tpliwo\u015bci zwi\u0105zanych z prawem podatkowym.<\/p>\n","protected":false},"excerpt":{"rendered":"<p>W naszej kancelarii udzielamy pomocy prawnej przed organami w sprawach prawa podatkowego. Reprezentujemy naszych klient\u00f3w w post\u0119powaniu przed organami podatkowymi, w za\u015b szczeg\u00f3lno\u015bci w ramach &#8230; <\/p>\n<p class=\"read-more-container\"><a title=\"Prawo podatkowe\" class=\"read-more button\" href=\"https:\/\/www.prawo-krakow.pl\/blog\/prawo-podatkowe\/#more-4091\" aria-label=\"More on Prawo podatkowe\">Czytaj dalej<\/a><\/p>\n","protected":false},"author":1,"featured_media":0,"parent":0,"menu_order":0,"comment_status":"closed","ping_status":"closed","template":"","meta":{"footnotes":""},"class_list":["post-4091","page","type-page","status-publish"],"yoast_head":"<!-- This site is optimized with the Yoast SEO plugin v27.3 - https:\/\/yoast.com\/product\/yoast-seo-wordpress\/ -->\n<title>Prawo podatkowe \u2013 kontrola podatkowa i s\u0105dy administracyjne<\/title>\n<meta name=\"description\" content=\"Reprezentujemy naszych klient\u00f3w w post\u0119powaniu przed organami podatkowymi, w szczeg\u00f3lno\u015bci w ramach kontroli podatkowej oraz s\u0105dami administracyjnymi.\" \/>\n<meta name=\"robots\" content=\"index, follow, max-snippet:-1, max-image-preview:large, max-video-preview:-1\" \/>\n<link rel=\"canonical\" href=\"https:\/\/www.prawo-krakow.pl\/blog\/prawo-podatkowe\/\" \/>\n<meta property=\"og:locale\" content=\"pl_PL\" \/>\n<meta property=\"og:type\" content=\"article\" \/>\n<meta property=\"og:title\" content=\"Prawo podatkowe \u2013 kontrola podatkowa i s\u0105dy administracyjne\" \/>\n<meta property=\"og:description\" content=\"Reprezentujemy naszych klient\u00f3w w post\u0119powaniu przed organami podatkowymi, w szczeg\u00f3lno\u015bci w ramach kontroli podatkowej oraz s\u0105dami administracyjnymi.\" \/>\n<meta property=\"og:url\" content=\"https:\/\/www.prawo-krakow.pl\/blog\/prawo-podatkowe\/\" \/>\n<meta property=\"og:site_name\" content=\"Prawnicza Kancelaria\" \/>\n<meta property=\"article:publisher\" content=\"https:\/\/www.facebook.com\/prawnikradca\" \/>\n<meta property=\"article:modified_time\" content=\"2021-12-16T12:09:57+00:00\" \/>\n<meta name=\"twitter:card\" content=\"summary_large_image\" \/>\n<meta name=\"twitter:label1\" content=\"Szacowany czas czytania\" \/>\n\t<meta name=\"twitter:data1\" content=\"1 minuta\" \/>\n<script type=\"application\/ld+json\" class=\"yoast-schema-graph\">{\"@context\":\"https:\\\/\\\/schema.org\",\"@graph\":[{\"@type\":\"WebPage\",\"@id\":\"https:\\\/\\\/www.prawo-krakow.pl\\\/blog\\\/prawo-podatkowe\\\/\",\"url\":\"https:\\\/\\\/www.prawo-krakow.pl\\\/blog\\\/prawo-podatkowe\\\/\",\"name\":\"Prawo podatkowe \u2013 kontrola podatkowa i s\u0105dy administracyjne\",\"isPartOf\":{\"@id\":\"https:\\\/\\\/www.prawo-krakow.pl\\\/blog\\\/#website\"},\"datePublished\":\"2021-05-30T20:21:20+00:00\",\"dateModified\":\"2021-12-16T12:09:57+00:00\",\"description\":\"Reprezentujemy naszych klient\u00f3w w post\u0119powaniu przed organami podatkowymi, w szczeg\u00f3lno\u015bci w ramach kontroli podatkowej oraz s\u0105dami administracyjnymi.\",\"breadcrumb\":{\"@id\":\"https:\\\/\\\/www.prawo-krakow.pl\\\/blog\\\/prawo-podatkowe\\\/#breadcrumb\"},\"inLanguage\":\"pl-PL\",\"potentialAction\":[{\"@type\":\"ReadAction\",\"target\":[\"https:\\\/\\\/www.prawo-krakow.pl\\\/blog\\\/prawo-podatkowe\\\/\"]}]},{\"@type\":\"BreadcrumbList\",\"@id\":\"https:\\\/\\\/www.prawo-krakow.pl\\\/blog\\\/prawo-podatkowe\\\/#breadcrumb\",\"itemListElement\":[{\"@type\":\"ListItem\",\"position\":1,\"name\":\"Strona g\u0142\u00f3wna\",\"item\":\"https:\\\/\\\/www.prawo-krakow.pl\\\/blog\\\/\"},{\"@type\":\"ListItem\",\"position\":2,\"name\":\"Prawo podatkowe\"}]},{\"@type\":\"WebSite\",\"@id\":\"https:\\\/\\\/www.prawo-krakow.pl\\\/blog\\\/#website\",\"url\":\"https:\\\/\\\/www.prawo-krakow.pl\\\/blog\\\/\",\"name\":\"Prawnicza Kancelaria\",\"description\":\"Do\u015bwiadczony Prawnik\",\"publisher\":{\"@id\":\"https:\\\/\\\/www.prawo-krakow.pl\\\/blog\\\/#organization\"},\"potentialAction\":[{\"@type\":\"SearchAction\",\"target\":{\"@type\":\"EntryPoint\",\"urlTemplate\":\"https:\\\/\\\/www.prawo-krakow.pl\\\/blog\\\/?s={search_term_string}\"},\"query-input\":{\"@type\":\"PropertyValueSpecification\",\"valueRequired\":true,\"valueName\":\"search_term_string\"}}],\"inLanguage\":\"pl-PL\"},{\"@type\":\"Organization\",\"@id\":\"https:\\\/\\\/www.prawo-krakow.pl\\\/blog\\\/#organization\",\"name\":\"Kancelaria Prawna\",\"url\":\"https:\\\/\\\/www.prawo-krakow.pl\\\/blog\\\/\",\"logo\":{\"@type\":\"ImageObject\",\"inLanguage\":\"pl-PL\",\"@id\":\"https:\\\/\\\/www.prawo-krakow.pl\\\/blog\\\/#\\\/schema\\\/logo\\\/image\\\/\",\"url\":\"https:\\\/\\\/www.prawo-krakow.pl\\\/blog\\\/wp-content\\\/uploads\\\/2021\\\/04\\\/cropped-court-hammer-books-judgment-law-concept.jpg\",\"contentUrl\":\"https:\\\/\\\/www.prawo-krakow.pl\\\/blog\\\/wp-content\\\/uploads\\\/2021\\\/04\\\/cropped-court-hammer-books-judgment-law-concept.jpg\",\"width\":1000,\"height\":667,\"caption\":\"Kancelaria Prawna\"},\"image\":{\"@id\":\"https:\\\/\\\/www.prawo-krakow.pl\\\/blog\\\/#\\\/schema\\\/logo\\\/image\\\/\"},\"sameAs\":[\"https:\\\/\\\/www.facebook.com\\\/prawnikradca\"]}]}<\/script>\n<!-- \/ Yoast SEO plugin. -->","yoast_head_json":{"title":"Prawo podatkowe \u2013 kontrola podatkowa i s\u0105dy administracyjne","description":"Reprezentujemy naszych klient\u00f3w w post\u0119powaniu przed organami podatkowymi, w szczeg\u00f3lno\u015bci w ramach kontroli podatkowej oraz s\u0105dami administracyjnymi.","robots":{"index":"index","follow":"follow","max-snippet":"max-snippet:-1","max-image-preview":"max-image-preview:large","max-video-preview":"max-video-preview:-1"},"canonical":"https:\/\/www.prawo-krakow.pl\/blog\/prawo-podatkowe\/","og_locale":"pl_PL","og_type":"article","og_title":"Prawo podatkowe \u2013 kontrola podatkowa i s\u0105dy administracyjne","og_description":"Reprezentujemy naszych klient\u00f3w w post\u0119powaniu przed organami podatkowymi, w szczeg\u00f3lno\u015bci w ramach kontroli podatkowej oraz s\u0105dami administracyjnymi.","og_url":"https:\/\/www.prawo-krakow.pl\/blog\/prawo-podatkowe\/","og_site_name":"Prawnicza Kancelaria","article_publisher":"https:\/\/www.facebook.com\/prawnikradca","article_modified_time":"2021-12-16T12:09:57+00:00","twitter_card":"summary_large_image","twitter_misc":{"Szacowany czas czytania":"1 minuta"},"schema":{"@context":"https:\/\/schema.org","@graph":[{"@type":"WebPage","@id":"https:\/\/www.prawo-krakow.pl\/blog\/prawo-podatkowe\/","url":"https:\/\/www.prawo-krakow.pl\/blog\/prawo-podatkowe\/","name":"Prawo podatkowe \u2013 kontrola podatkowa i s\u0105dy administracyjne","isPartOf":{"@id":"https:\/\/www.prawo-krakow.pl\/blog\/#website"},"datePublished":"2021-05-30T20:21:20+00:00","dateModified":"2021-12-16T12:09:57+00:00","description":"Reprezentujemy naszych klient\u00f3w w post\u0119powaniu przed organami podatkowymi, w szczeg\u00f3lno\u015bci w ramach kontroli podatkowej oraz s\u0105dami administracyjnymi.","breadcrumb":{"@id":"https:\/\/www.prawo-krakow.pl\/blog\/prawo-podatkowe\/#breadcrumb"},"inLanguage":"pl-PL","potentialAction":[{"@type":"ReadAction","target":["https:\/\/www.prawo-krakow.pl\/blog\/prawo-podatkowe\/"]}]},{"@type":"BreadcrumbList","@id":"https:\/\/www.prawo-krakow.pl\/blog\/prawo-podatkowe\/#breadcrumb","itemListElement":[{"@type":"ListItem","position":1,"name":"Strona g\u0142\u00f3wna","item":"https:\/\/www.prawo-krakow.pl\/blog\/"},{"@type":"ListItem","position":2,"name":"Prawo podatkowe"}]},{"@type":"WebSite","@id":"https:\/\/www.prawo-krakow.pl\/blog\/#website","url":"https:\/\/www.prawo-krakow.pl\/blog\/","name":"Prawnicza Kancelaria","description":"Do\u015bwiadczony Prawnik","publisher":{"@id":"https:\/\/www.prawo-krakow.pl\/blog\/#organization"},"potentialAction":[{"@type":"SearchAction","target":{"@type":"EntryPoint","urlTemplate":"https:\/\/www.prawo-krakow.pl\/blog\/?s={search_term_string}"},"query-input":{"@type":"PropertyValueSpecification","valueRequired":true,"valueName":"search_term_string"}}],"inLanguage":"pl-PL"},{"@type":"Organization","@id":"https:\/\/www.prawo-krakow.pl\/blog\/#organization","name":"Kancelaria Prawna","url":"https:\/\/www.prawo-krakow.pl\/blog\/","logo":{"@type":"ImageObject","inLanguage":"pl-PL","@id":"https:\/\/www.prawo-krakow.pl\/blog\/#\/schema\/logo\/image\/","url":"https:\/\/www.prawo-krakow.pl\/blog\/wp-content\/uploads\/2021\/04\/cropped-court-hammer-books-judgment-law-concept.jpg","contentUrl":"https:\/\/www.prawo-krakow.pl\/blog\/wp-content\/uploads\/2021\/04\/cropped-court-hammer-books-judgment-law-concept.jpg","width":1000,"height":667,"caption":"Kancelaria Prawna"},"image":{"@id":"https:\/\/www.prawo-krakow.pl\/blog\/#\/schema\/logo\/image\/"},"sameAs":["https:\/\/www.facebook.com\/prawnikradca"]}]}},"_links":{"self":[{"href":"https:\/\/www.prawo-krakow.pl\/blog\/wp-json\/wp\/v2\/pages\/4091","targetHints":{"allow":["GET"]}}],"collection":[{"href":"https:\/\/www.prawo-krakow.pl\/blog\/wp-json\/wp\/v2\/pages"}],"about":[{"href":"https:\/\/www.prawo-krakow.pl\/blog\/wp-json\/wp\/v2\/types\/page"}],"author":[{"embeddable":true,"href":"https:\/\/www.prawo-krakow.pl\/blog\/wp-json\/wp\/v2\/users\/1"}],"replies":[{"embeddable":true,"href":"https:\/\/www.prawo-krakow.pl\/blog\/wp-json\/wp\/v2\/comments?post=4091"}],"version-history":[{"count":4,"href":"https:\/\/www.prawo-krakow.pl\/blog\/wp-json\/wp\/v2\/pages\/4091\/revisions"}],"predecessor-version":[{"id":4352,"href":"https:\/\/www.prawo-krakow.pl\/blog\/wp-json\/wp\/v2\/pages\/4091\/revisions\/4352"}],"wp:attachment":[{"href":"https:\/\/www.prawo-krakow.pl\/blog\/wp-json\/wp\/v2\/media?parent=4091"}],"curies":[{"name":"wp","href":"https:\/\/api.w.org\/{rel}","templated":true}]}}