{"id":3775,"date":"2021-05-09T16:25:17","date_gmt":"2021-05-09T16:25:17","guid":{"rendered":"https:\/\/www.prawo-krakow.pl\/blog\/?page_id=3775"},"modified":"2024-09-17T10:22:15","modified_gmt":"2024-09-17T10:22:15","slug":"organizacje-pozarzadowe","status":"publish","type":"page","link":"https:\/\/www.prawo-krakow.pl\/blog\/organizacje-pozarzadowe\/","title":{"rendered":"Prawnik dla NGO &#8211; organizacji pozarz\u0105dowej"},"content":{"rendered":"\n<h2 class=\"gb-headline gb-headline-a14cf980 gb-headline-text\">Prawnik NGO<\/h2>\n\n\n\n<p><strong>Pomagamy w sprawach prawnych organizacjom pozarz\u0105dowym<\/strong>, w tym: fundacjom, stowarzyszeniom oraz klubom sportowym od etapu tworzenia organizacji, poprzez jej bie\u017c\u0105ce funkcjonowanie, a tak\u017ce ich likwidacj\u0119. Prawnik NGO pomaga organizacjom pozarz\u0105dowym w ich codziennym funkcjonowaniu Nasza pomoc <strong> dla organizacji pozarz\u0105dowej<\/strong> obejmuje w szczeg\u00f3lno\u015bci:<\/p>\n\n\n\n<p><\/p>\n\n\n\n<figure class=\"wp-block-image size-large\"><img fetchpriority=\"high\" decoding=\"async\" width=\"400\" height=\"267\" src=\"https:\/\/www.prawo-krakow.pl\/blog\/wp-content\/uploads\/2021\/05\/org-pozarzadowe.jpg\" alt=\"prawnik klub sportowy\" class=\"wp-image-3812\" srcset=\"https:\/\/www.prawo-krakow.pl\/blog\/wp-content\/uploads\/2021\/05\/org-pozarzadowe.jpg 400w, https:\/\/www.prawo-krakow.pl\/blog\/wp-content\/uploads\/2021\/05\/org-pozarzadowe-300x200.jpg 300w\" sizes=\"(max-width: 400px) 100vw, 400px\" \/><\/figure>\n\n\n\n<h3 class=\"gb-headline gb-headline-84a49595 gb-headline-text\">Radca prawny Krak\u00f3w &#8211; pomoc dla NGO<\/h3>\n\n\n\n<p>W ramach kancelarii mamy do\u015bwiadczenie w tworzeniu fundacji i stowarzysze\u0144. Kancelaria przygotowuje dokumenty dla zarz\u0105du fundacji i stowarzyszenia. Sk\u0142adamy wnioski o zmian\u0119 do KRS, pomagamy wype\u0142ni\u0107 formularze KRS. Udzielamy tak\u017ce porad prawnych w zakresie bie\u017c\u0105cego funkcjonowania organizacji NGO.<\/p>\n\n\n\n<p>Nasza dzia\u0142alno\u015b\u0107 obejmuje tak\u017ce pomoc dla klub\u00f3w sportowych. Nasz prawnik mo\u017ce Ci asystowa\u0107 na walnym zebraniu cz\u0142onk\u00f3w klubu sportowego i rozstrzyga\u0107 wszelkie sporne kwestie. Po zebraniu pomagamy dope\u0142ni\u0107 wszelkich formalno\u015bci, w tym zakresie sk\u0142adania sprawozda\u0144 z dzia\u0142alno\u015bci. Zajmujemy si\u0119 opiniowaniem um\u00f3w zawieranych przez kluby sportowe a tak\u017ce tworzeniem um\u00f3w. W razie spor\u00f3w reprezentujemy kluby pi\u0142karskie przed s\u0105dem i innymi organami.<\/p>\n\n\n\n<h2 class=\"gb-headline gb-headline-5244f8bf gb-headline-text\">Zmiana statutu organizacji NGO<\/h2>\n\n\n\n<p>Nasz radca prawny pomo\u017ce Ci przygotowa\u0107 zmiany statutu organizacji, je\u015bli zajdzie taka potrzeba. Kancelaria przygotowuje projekty zmian. Zapewniamy konsultacje zmian z cz\u0142onkami Zarz\u0105du, czy to fundacji czy stowarzyszenia. Ponadto zapewniamy asyst\u0119 prawn\u0105 na dalszym etapie. I w ko\u0144cu zajmujemy si\u0119 formularzami KRS, sk\u0142adaj\u0105c wniosek o wpis zmian do Krajowego Rejestru S\u0105dowego.<\/p>\n\n\n\n<h3 class=\"gb-headline gb-headline-71ba8a38 gb-headline-text\">Porady prawne dla fundacji i innych organizacji<\/h3>\n\n\n\n<p>\u015awiadczymy w ramach bie\u017c\u0105cej dzia\u0142alno\u015bci porady prawne dla fundacji i stowarzysze\u0144. Dotyczy to zar\u00f3wno spraw bie\u017c\u0105cych w dzia\u0142aniu organizacji NGO, jak i ewentualnych spor\u00f3w s\u0105dowych i podatkowych. Reprezentujemy organizacje pozarz\u0105dowe tak\u017ce wobec organ\u00f3w nadzorczych.<\/p>\n\n\n\n<h3 class=\"gb-headline gb-headline-846bee93 gb-headline-text\">Porady online NGO<\/h3>\n\n\n\n<p>\u015awiadczymy tak\u017ce w tym zakresie porady online. Zapraszamy do <a href=\"https:\/\/www.prawo-krakow.pl\/blog\/kontakt\/\">kontaktu<\/a>.<\/p>\n\n\n\n<p><\/p>\n","protected":false},"excerpt":{"rendered":"<p>Prawnik NGO Pomagamy w sprawach prawnych organizacjom pozarz\u0105dowym, w tym: fundacjom, stowarzyszeniom oraz klubom sportowym od etapu tworzenia organizacji, poprzez jej bie\u017c\u0105ce funkcjonowanie, a tak\u017ce &#8230; <\/p>\n<p class=\"read-more-container\"><a title=\"Prawnik dla NGO &#8211; organizacji pozarz\u0105dowej\" class=\"read-more button\" href=\"https:\/\/www.prawo-krakow.pl\/blog\/organizacje-pozarzadowe\/#more-3775\" aria-label=\"More on Prawnik dla NGO &#8211; organizacji pozarz\u0105dowej\">Czytaj dalej<\/a><\/p>\n","protected":false},"author":1,"featured_media":0,"parent":0,"menu_order":0,"comment_status":"closed","ping_status":"closed","template":"","meta":{"footnotes":""},"class_list":["post-3775","page","type-page","status-publish"],"yoast_head":"<!-- This site is optimized with the Yoast SEO plugin v27.3 - https:\/\/yoast.com\/product\/yoast-seo-wordpress\/ -->\n<title>Prawnik dla organizacji pozarz\u0105dowej \u2013 fundacje i stowarzyszenia<\/title>\n<meta name=\"description\" content=\"Prawnik NGO. Pomagamy w tworzeniu organizacji i przy bie\u017c\u0105cym funkcjonowaniu, a tak\u017ce likwidacji. Zmiany statutu i wpis zmian do KRS.\" \/>\n<meta name=\"robots\" content=\"index, follow, max-snippet:-1, max-image-preview:large, max-video-preview:-1\" \/>\n<link rel=\"canonical\" href=\"https:\/\/www.prawo-krakow.pl\/blog\/organizacje-pozarzadowe\/\" \/>\n<meta property=\"og:locale\" content=\"pl_PL\" \/>\n<meta property=\"og:type\" content=\"article\" \/>\n<meta property=\"og:title\" content=\"Prawnik dla organizacji pozarz\u0105dowej \u2013 fundacje i stowarzyszenia\" \/>\n<meta property=\"og:description\" content=\"Prawnik NGO. Pomagamy w tworzeniu organizacji i przy bie\u017c\u0105cym funkcjonowaniu, a tak\u017ce likwidacji. Zmiany statutu i wpis zmian do KRS.\" \/>\n<meta property=\"og:url\" content=\"https:\/\/www.prawo-krakow.pl\/blog\/organizacje-pozarzadowe\/\" \/>\n<meta property=\"og:site_name\" content=\"Prawnicza Kancelaria\" \/>\n<meta property=\"article:publisher\" content=\"https:\/\/www.facebook.com\/prawnikradca\" \/>\n<meta property=\"article:modified_time\" content=\"2024-09-17T10:22:15+00:00\" \/>\n<meta property=\"og:image\" content=\"https:\/\/www.prawo-krakow.pl\/blog\/wp-content\/uploads\/2021\/05\/org-pozarzadowe.jpg\" \/>\n<meta name=\"twitter:card\" content=\"summary_large_image\" \/>\n<meta name=\"twitter:label1\" content=\"Szacowany czas czytania\" \/>\n\t<meta name=\"twitter:data1\" content=\"2 minuty\" \/>\n<script type=\"application\/ld+json\" class=\"yoast-schema-graph\">{\"@context\":\"https:\\\/\\\/schema.org\",\"@graph\":[{\"@type\":\"WebPage\",\"@id\":\"https:\\\/\\\/www.prawo-krakow.pl\\\/blog\\\/organizacje-pozarzadowe\\\/\",\"url\":\"https:\\\/\\\/www.prawo-krakow.pl\\\/blog\\\/organizacje-pozarzadowe\\\/\",\"name\":\"Prawnik dla organizacji pozarz\u0105dowej \u2013 fundacje i stowarzyszenia\",\"isPartOf\":{\"@id\":\"https:\\\/\\\/www.prawo-krakow.pl\\\/blog\\\/#website\"},\"primaryImageOfPage\":{\"@id\":\"https:\\\/\\\/www.prawo-krakow.pl\\\/blog\\\/organizacje-pozarzadowe\\\/#primaryimage\"},\"image\":{\"@id\":\"https:\\\/\\\/www.prawo-krakow.pl\\\/blog\\\/organizacje-pozarzadowe\\\/#primaryimage\"},\"thumbnailUrl\":\"https:\\\/\\\/www.prawo-krakow.pl\\\/blog\\\/wp-content\\\/uploads\\\/2021\\\/05\\\/org-pozarzadowe.jpg\",\"datePublished\":\"2021-05-09T16:25:17+00:00\",\"dateModified\":\"2024-09-17T10:22:15+00:00\",\"description\":\"Prawnik NGO. Pomagamy w tworzeniu organizacji i przy bie\u017c\u0105cym funkcjonowaniu, a tak\u017ce likwidacji. Zmiany statutu i wpis zmian do KRS.\",\"breadcrumb\":{\"@id\":\"https:\\\/\\\/www.prawo-krakow.pl\\\/blog\\\/organizacje-pozarzadowe\\\/#breadcrumb\"},\"inLanguage\":\"pl-PL\",\"potentialAction\":[{\"@type\":\"ReadAction\",\"target\":[\"https:\\\/\\\/www.prawo-krakow.pl\\\/blog\\\/organizacje-pozarzadowe\\\/\"]}]},{\"@type\":\"ImageObject\",\"inLanguage\":\"pl-PL\",\"@id\":\"https:\\\/\\\/www.prawo-krakow.pl\\\/blog\\\/organizacje-pozarzadowe\\\/#primaryimage\",\"url\":\"https:\\\/\\\/www.prawo-krakow.pl\\\/blog\\\/wp-content\\\/uploads\\\/2021\\\/05\\\/org-pozarzadowe.jpg\",\"contentUrl\":\"https:\\\/\\\/www.prawo-krakow.pl\\\/blog\\\/wp-content\\\/uploads\\\/2021\\\/05\\\/org-pozarzadowe.jpg\",\"width\":400,\"height\":267,\"caption\":\"obs\u0142uga prawna klub\u00f3w sportowych\"},{\"@type\":\"BreadcrumbList\",\"@id\":\"https:\\\/\\\/www.prawo-krakow.pl\\\/blog\\\/organizacje-pozarzadowe\\\/#breadcrumb\",\"itemListElement\":[{\"@type\":\"ListItem\",\"position\":1,\"name\":\"Strona g\u0142\u00f3wna\",\"item\":\"https:\\\/\\\/www.prawo-krakow.pl\\\/blog\\\/\"},{\"@type\":\"ListItem\",\"position\":2,\"name\":\"Prawnik dla NGO &#8211; organizacji pozarz\u0105dowej\"}]},{\"@type\":\"WebSite\",\"@id\":\"https:\\\/\\\/www.prawo-krakow.pl\\\/blog\\\/#website\",\"url\":\"https:\\\/\\\/www.prawo-krakow.pl\\\/blog\\\/\",\"name\":\"Prawnicza Kancelaria\",\"description\":\"Do\u015bwiadczony Prawnik\",\"publisher\":{\"@id\":\"https:\\\/\\\/www.prawo-krakow.pl\\\/blog\\\/#organization\"},\"potentialAction\":[{\"@type\":\"SearchAction\",\"target\":{\"@type\":\"EntryPoint\",\"urlTemplate\":\"https:\\\/\\\/www.prawo-krakow.pl\\\/blog\\\/?s={search_term_string}\"},\"query-input\":{\"@type\":\"PropertyValueSpecification\",\"valueRequired\":true,\"valueName\":\"search_term_string\"}}],\"inLanguage\":\"pl-PL\"},{\"@type\":\"Organization\",\"@id\":\"https:\\\/\\\/www.prawo-krakow.pl\\\/blog\\\/#organization\",\"name\":\"Kancelaria Prawna\",\"url\":\"https:\\\/\\\/www.prawo-krakow.pl\\\/blog\\\/\",\"logo\":{\"@type\":\"ImageObject\",\"inLanguage\":\"pl-PL\",\"@id\":\"https:\\\/\\\/www.prawo-krakow.pl\\\/blog\\\/#\\\/schema\\\/logo\\\/image\\\/\",\"url\":\"https:\\\/\\\/www.prawo-krakow.pl\\\/blog\\\/wp-content\\\/uploads\\\/2021\\\/04\\\/cropped-court-hammer-books-judgment-law-concept.jpg\",\"contentUrl\":\"https:\\\/\\\/www.prawo-krakow.pl\\\/blog\\\/wp-content\\\/uploads\\\/2021\\\/04\\\/cropped-court-hammer-books-judgment-law-concept.jpg\",\"width\":1000,\"height\":667,\"caption\":\"Kancelaria Prawna\"},\"image\":{\"@id\":\"https:\\\/\\\/www.prawo-krakow.pl\\\/blog\\\/#\\\/schema\\\/logo\\\/image\\\/\"},\"sameAs\":[\"https:\\\/\\\/www.facebook.com\\\/prawnikradca\"]}]}<\/script>\n<!-- \/ Yoast SEO plugin. -->","yoast_head_json":{"title":"Prawnik dla organizacji pozarz\u0105dowej \u2013 fundacje i stowarzyszenia","description":"Prawnik NGO. Pomagamy w tworzeniu organizacji i przy bie\u017c\u0105cym funkcjonowaniu, a tak\u017ce likwidacji. Zmiany statutu i wpis zmian do KRS.","robots":{"index":"index","follow":"follow","max-snippet":"max-snippet:-1","max-image-preview":"max-image-preview:large","max-video-preview":"max-video-preview:-1"},"canonical":"https:\/\/www.prawo-krakow.pl\/blog\/organizacje-pozarzadowe\/","og_locale":"pl_PL","og_type":"article","og_title":"Prawnik dla organizacji pozarz\u0105dowej \u2013 fundacje i stowarzyszenia","og_description":"Prawnik NGO. Pomagamy w tworzeniu organizacji i przy bie\u017c\u0105cym funkcjonowaniu, a tak\u017ce likwidacji. Zmiany statutu i wpis zmian do KRS.","og_url":"https:\/\/www.prawo-krakow.pl\/blog\/organizacje-pozarzadowe\/","og_site_name":"Prawnicza Kancelaria","article_publisher":"https:\/\/www.facebook.com\/prawnikradca","article_modified_time":"2024-09-17T10:22:15+00:00","og_image":[{"url":"https:\/\/www.prawo-krakow.pl\/blog\/wp-content\/uploads\/2021\/05\/org-pozarzadowe.jpg","type":"","width":"","height":""}],"twitter_card":"summary_large_image","twitter_misc":{"Szacowany czas czytania":"2 minuty"},"schema":{"@context":"https:\/\/schema.org","@graph":[{"@type":"WebPage","@id":"https:\/\/www.prawo-krakow.pl\/blog\/organizacje-pozarzadowe\/","url":"https:\/\/www.prawo-krakow.pl\/blog\/organizacje-pozarzadowe\/","name":"Prawnik dla organizacji pozarz\u0105dowej \u2013 fundacje i stowarzyszenia","isPartOf":{"@id":"https:\/\/www.prawo-krakow.pl\/blog\/#website"},"primaryImageOfPage":{"@id":"https:\/\/www.prawo-krakow.pl\/blog\/organizacje-pozarzadowe\/#primaryimage"},"image":{"@id":"https:\/\/www.prawo-krakow.pl\/blog\/organizacje-pozarzadowe\/#primaryimage"},"thumbnailUrl":"https:\/\/www.prawo-krakow.pl\/blog\/wp-content\/uploads\/2021\/05\/org-pozarzadowe.jpg","datePublished":"2021-05-09T16:25:17+00:00","dateModified":"2024-09-17T10:22:15+00:00","description":"Prawnik NGO. Pomagamy w tworzeniu organizacji i przy bie\u017c\u0105cym funkcjonowaniu, a tak\u017ce likwidacji. Zmiany statutu i wpis zmian do KRS.","breadcrumb":{"@id":"https:\/\/www.prawo-krakow.pl\/blog\/organizacje-pozarzadowe\/#breadcrumb"},"inLanguage":"pl-PL","potentialAction":[{"@type":"ReadAction","target":["https:\/\/www.prawo-krakow.pl\/blog\/organizacje-pozarzadowe\/"]}]},{"@type":"ImageObject","inLanguage":"pl-PL","@id":"https:\/\/www.prawo-krakow.pl\/blog\/organizacje-pozarzadowe\/#primaryimage","url":"https:\/\/www.prawo-krakow.pl\/blog\/wp-content\/uploads\/2021\/05\/org-pozarzadowe.jpg","contentUrl":"https:\/\/www.prawo-krakow.pl\/blog\/wp-content\/uploads\/2021\/05\/org-pozarzadowe.jpg","width":400,"height":267,"caption":"obs\u0142uga prawna klub\u00f3w sportowych"},{"@type":"BreadcrumbList","@id":"https:\/\/www.prawo-krakow.pl\/blog\/organizacje-pozarzadowe\/#breadcrumb","itemListElement":[{"@type":"ListItem","position":1,"name":"Strona g\u0142\u00f3wna","item":"https:\/\/www.prawo-krakow.pl\/blog\/"},{"@type":"ListItem","position":2,"name":"Prawnik dla NGO &#8211; organizacji pozarz\u0105dowej"}]},{"@type":"WebSite","@id":"https:\/\/www.prawo-krakow.pl\/blog\/#website","url":"https:\/\/www.prawo-krakow.pl\/blog\/","name":"Prawnicza Kancelaria","description":"Do\u015bwiadczony Prawnik","publisher":{"@id":"https:\/\/www.prawo-krakow.pl\/blog\/#organization"},"potentialAction":[{"@type":"SearchAction","target":{"@type":"EntryPoint","urlTemplate":"https:\/\/www.prawo-krakow.pl\/blog\/?s={search_term_string}"},"query-input":{"@type":"PropertyValueSpecification","valueRequired":true,"valueName":"search_term_string"}}],"inLanguage":"pl-PL"},{"@type":"Organization","@id":"https:\/\/www.prawo-krakow.pl\/blog\/#organization","name":"Kancelaria Prawna","url":"https:\/\/www.prawo-krakow.pl\/blog\/","logo":{"@type":"ImageObject","inLanguage":"pl-PL","@id":"https:\/\/www.prawo-krakow.pl\/blog\/#\/schema\/logo\/image\/","url":"https:\/\/www.prawo-krakow.pl\/blog\/wp-content\/uploads\/2021\/04\/cropped-court-hammer-books-judgment-law-concept.jpg","contentUrl":"https:\/\/www.prawo-krakow.pl\/blog\/wp-content\/uploads\/2021\/04\/cropped-court-hammer-books-judgment-law-concept.jpg","width":1000,"height":667,"caption":"Kancelaria Prawna"},"image":{"@id":"https:\/\/www.prawo-krakow.pl\/blog\/#\/schema\/logo\/image\/"},"sameAs":["https:\/\/www.facebook.com\/prawnikradca"]}]}},"_links":{"self":[{"href":"https:\/\/www.prawo-krakow.pl\/blog\/wp-json\/wp\/v2\/pages\/3775","targetHints":{"allow":["GET"]}}],"collection":[{"href":"https:\/\/www.prawo-krakow.pl\/blog\/wp-json\/wp\/v2\/pages"}],"about":[{"href":"https:\/\/www.prawo-krakow.pl\/blog\/wp-json\/wp\/v2\/types\/page"}],"author":[{"embeddable":true,"href":"https:\/\/www.prawo-krakow.pl\/blog\/wp-json\/wp\/v2\/users\/1"}],"replies":[{"embeddable":true,"href":"https:\/\/www.prawo-krakow.pl\/blog\/wp-json\/wp\/v2\/comments?post=3775"}],"version-history":[{"count":11,"href":"https:\/\/www.prawo-krakow.pl\/blog\/wp-json\/wp\/v2\/pages\/3775\/revisions"}],"predecessor-version":[{"id":4711,"href":"https:\/\/www.prawo-krakow.pl\/blog\/wp-json\/wp\/v2\/pages\/3775\/revisions\/4711"}],"wp:attachment":[{"href":"https:\/\/www.prawo-krakow.pl\/blog\/wp-json\/wp\/v2\/media?parent=3775"}],"curies":[{"name":"wp","href":"https:\/\/api.w.org\/{rel}","templated":true}]}}