{"id":3774,"date":"2021-05-09T16:55:49","date_gmt":"2021-05-09T16:55:49","guid":{"rendered":"https:\/\/www.prawo-krakow.pl\/blog\/?page_id=3774"},"modified":"2021-11-29T14:08:43","modified_gmt":"2021-11-29T14:08:43","slug":"prawo-autorskie-i-prawo-wlasnosci-przemyslowej","status":"publish","type":"page","link":"https:\/\/www.prawo-krakow.pl\/blog\/specjalizacje\/prawo-autorskie-i-prawo-wlasnosci-przemyslowej\/","title":{"rendered":"Prawo autorskie i prawo w\u0142asno\u015bci przemys\u0142owej"},"content":{"rendered":"\n<p>Nasza kancelaria prawna dzia\u0142a w zakresie <strong>prawa autorskiego<\/strong> oraz prawa w\u0142asno\u015bci przemys\u0142owej. Zajmujemy si\u0119 sprawami zwi\u0105zanymi z autorskim prawem maj\u0105tkowym, autorskim prawem osobistym, ochron\u0105 wizerunku, nabyciem praw autorskich oraz praw pokrewnych. <strong>Prowadzimy tak\u017ce sprawy s\u0105dowe i negocjacje w razie naruszenia praw autorskich lub praw pokrewnych.<\/strong> Dzia\u0142amy dla klient\u00f3w indywidualnych oraz <a href=\"https:\/\/www.prawo-krakow.pl\/blog\/organizacje-pozarzadowe\/\">obs\u0142ugujemy organizacje pozarz\u0105dowe<\/a> w sprawach s\u0105dowych w tym zakresie.<\/p>\n\n\n\n<h2 class=\"wp-block-heading\">Rejestracja znaku towarowego &#8211; ochrona i obr\u00f3t znakami towarowymi<\/h2>\n\n\n\n<p>\u015awiadczymy <strong>us\u0142ugi z dziedziny ochrony w\u0142asno\u015bci intelektualnej,<\/strong> a tak\u017ce zajmujemy si\u0119 rejestracj\u0105, ochron\u0105 oraz obrotem znakami towarowymi. Prowadzimy sprawy r\u00f3wnie\u017c w zakresie przeciwdzia\u0142ania nieuczciwej konkurencji.\n<br>W naszej kancelarii znajd\u0105 Pa\u0144stwo doradztwo prawne w zakresie przeciwdzia\u0142ania nieuczciwej konkurencji, dzia\u0142amy poprzez reprezentowanie w tym zakresie klienta w negocjacjach, a tak\u017ce w ca\u0142o\u015bciowym post\u0119powaniu s\u0105dowym.\n<br><strong>Sporz\u0105dzamy i negocjujemy umowy licencyjne<\/strong>, prowadzimy tak\u017ce inne doradztwo prawne, a w szczeg\u00f3lno\u015bci w zakresie analizy ju\u017c sporz\u0105dzonych um\u00f3w licencyjnych.\nDzia\u0142amy na tereni Krakowa. Zapraszamy do wsp\u00f3\u0142pracy i pyta\u0144 w razie w\u0105tpliwo\u015bci.<\/p>\n\n\n\n<p><\/p>\n<figure class=\"wp-block-image size-full\" id=\"adwokat-Krak\u00f3w\"><img fetchpriority=\"high\" decoding=\"async\" width=\"612\" height=\"408\" src=\"https:\/\/www.prawo-krakow.pl\/blog\/wp-content\/uploads\/2021\/05\/prawo-autorskie-prawnik.jpg\" style=\"width:500px; display:block; margin-left: auto; margin-right:auto;\"  alt=\"prawo autorskie prawnik Krak\u00f3w\" class=\"wp-image-3818\" title=\"umowa licencyjna Krak\u00f3w\" srcset=\"https:\/\/www.prawo-krakow.pl\/blog\/wp-content\/uploads\/2021\/05\/prawo-autorskie-prawnik.jpg 612w, https:\/\/www.prawo-krakow.pl\/blog\/wp-content\/uploads\/2021\/05\/prawo-autorskie-prawnik-300x200.jpg 300w\" sizes=\"(max-width: 612px) 100vw, 612px\" \/><\/figure>\n<p>\n\n\n<p><\/p>","protected":false},"excerpt":{"rendered":"<p>Nasza kancelaria prawna dzia\u0142a w zakresie prawa autorskiego oraz prawa w\u0142asno\u015bci przemys\u0142owej. Zajmujemy si\u0119 sprawami zwi\u0105zanymi z autorskim prawem maj\u0105tkowym, autorskim prawem osobistym, ochron\u0105 wizerunku, &#8230; <\/p>\n<p class=\"read-more-container\"><a title=\"Prawo autorskie i prawo w\u0142asno\u015bci przemys\u0142owej\" class=\"read-more button\" href=\"https:\/\/www.prawo-krakow.pl\/blog\/specjalizacje\/prawo-autorskie-i-prawo-wlasnosci-przemyslowej\/#more-3774\" aria-label=\"More on Prawo autorskie i prawo w\u0142asno\u015bci przemys\u0142owej\">Czytaj dalej<\/a><\/p>\n","protected":false},"author":1,"featured_media":0,"parent":10,"menu_order":0,"comment_status":"closed","ping_status":"closed","template":"","meta":{"footnotes":""},"class_list":["post-3774","page","type-page","status-publish"],"yoast_head":"<!-- This site is optimized with the Yoast SEO plugin v27.3 - https:\/\/yoast.com\/product\/yoast-seo-wordpress\/ -->\n<title>Prawo autorskie | Rejestracja znaku towarowego | Krak\u00f3w<\/title>\n<meta name=\"description\" content=\"Pomagamy w takich sprawach jak autorskie prawa maj\u0105tkowe, autorskie prawa osobiste, ochrona wizerunku, nabycie praw autorskich oraz praw pokrewnych. Zapraszamy!\" \/>\n<meta name=\"robots\" content=\"index, follow, max-snippet:-1, max-image-preview:large, max-video-preview:-1\" \/>\n<link rel=\"canonical\" href=\"https:\/\/www.prawo-krakow.pl\/blog\/specjalizacje\/prawo-autorskie-i-prawo-wlasnosci-przemyslowej\/\" \/>\n<meta property=\"og:locale\" content=\"pl_PL\" \/>\n<meta property=\"og:type\" content=\"article\" \/>\n<meta property=\"og:title\" content=\"Prawo autorskie | Rejestracja znaku towarowego | Krak\u00f3w\" \/>\n<meta property=\"og:description\" content=\"Pomagamy w takich sprawach jak autorskie prawa maj\u0105tkowe, autorskie prawa osobiste, ochrona wizerunku, nabycie praw autorskich oraz praw pokrewnych. Zapraszamy!\" \/>\n<meta property=\"og:url\" content=\"https:\/\/www.prawo-krakow.pl\/blog\/specjalizacje\/prawo-autorskie-i-prawo-wlasnosci-przemyslowej\/\" \/>\n<meta property=\"og:site_name\" content=\"Prawnicza Kancelaria\" \/>\n<meta property=\"article:publisher\" content=\"https:\/\/www.facebook.com\/prawnikradca\" \/>\n<meta property=\"article:modified_time\" content=\"2021-11-29T14:08:43+00:00\" \/>\n<meta property=\"og:image\" content=\"https:\/\/www.prawo-krakow.pl\/blog\/wp-content\/uploads\/2021\/05\/prawo-autorskie-prawnik.jpg\" \/>\n<meta name=\"twitter:card\" content=\"summary_large_image\" \/>\n<meta name=\"twitter:label1\" content=\"Szacowany czas czytania\" \/>\n\t<meta name=\"twitter:data1\" content=\"1 minuta\" \/>\n<script type=\"application\/ld+json\" class=\"yoast-schema-graph\">{\"@context\":\"https:\\\/\\\/schema.org\",\"@graph\":[{\"@type\":\"WebPage\",\"@id\":\"https:\\\/\\\/www.prawo-krakow.pl\\\/blog\\\/specjalizacje\\\/prawo-autorskie-i-prawo-wlasnosci-przemyslowej\\\/\",\"url\":\"https:\\\/\\\/www.prawo-krakow.pl\\\/blog\\\/specjalizacje\\\/prawo-autorskie-i-prawo-wlasnosci-przemyslowej\\\/\",\"name\":\"Prawo autorskie | Rejestracja znaku towarowego | Krak\u00f3w\",\"isPartOf\":{\"@id\":\"https:\\\/\\\/www.prawo-krakow.pl\\\/blog\\\/#website\"},\"primaryImageOfPage\":{\"@id\":\"https:\\\/\\\/www.prawo-krakow.pl\\\/blog\\\/specjalizacje\\\/prawo-autorskie-i-prawo-wlasnosci-przemyslowej\\\/#primaryimage\"},\"image\":{\"@id\":\"https:\\\/\\\/www.prawo-krakow.pl\\\/blog\\\/specjalizacje\\\/prawo-autorskie-i-prawo-wlasnosci-przemyslowej\\\/#primaryimage\"},\"thumbnailUrl\":\"https:\\\/\\\/www.prawo-krakow.pl\\\/blog\\\/wp-content\\\/uploads\\\/2021\\\/05\\\/prawo-autorskie-prawnik.jpg\",\"datePublished\":\"2021-05-09T16:55:49+00:00\",\"dateModified\":\"2021-11-29T14:08:43+00:00\",\"description\":\"Pomagamy w takich sprawach jak autorskie prawa maj\u0105tkowe, autorskie prawa osobiste, ochrona wizerunku, nabycie praw autorskich oraz praw pokrewnych. Zapraszamy!\",\"breadcrumb\":{\"@id\":\"https:\\\/\\\/www.prawo-krakow.pl\\\/blog\\\/specjalizacje\\\/prawo-autorskie-i-prawo-wlasnosci-przemyslowej\\\/#breadcrumb\"},\"inLanguage\":\"pl-PL\",\"potentialAction\":[{\"@type\":\"ReadAction\",\"target\":[\"https:\\\/\\\/www.prawo-krakow.pl\\\/blog\\\/specjalizacje\\\/prawo-autorskie-i-prawo-wlasnosci-przemyslowej\\\/\"]}]},{\"@type\":\"ImageObject\",\"inLanguage\":\"pl-PL\",\"@id\":\"https:\\\/\\\/www.prawo-krakow.pl\\\/blog\\\/specjalizacje\\\/prawo-autorskie-i-prawo-wlasnosci-przemyslowej\\\/#primaryimage\",\"url\":\"https:\\\/\\\/www.prawo-krakow.pl\\\/blog\\\/wp-content\\\/uploads\\\/2021\\\/05\\\/prawo-autorskie-prawnik.jpg\",\"contentUrl\":\"https:\\\/\\\/www.prawo-krakow.pl\\\/blog\\\/wp-content\\\/uploads\\\/2021\\\/05\\\/prawo-autorskie-prawnik.jpg\",\"width\":612,\"height\":408,\"caption\":\"pisanie w ksi\u0105\u017cce\"},{\"@type\":\"BreadcrumbList\",\"@id\":\"https:\\\/\\\/www.prawo-krakow.pl\\\/blog\\\/specjalizacje\\\/prawo-autorskie-i-prawo-wlasnosci-przemyslowej\\\/#breadcrumb\",\"itemListElement\":[{\"@type\":\"ListItem\",\"position\":1,\"name\":\"Strona g\u0142\u00f3wna\",\"item\":\"https:\\\/\\\/www.prawo-krakow.pl\\\/blog\\\/\"},{\"@type\":\"ListItem\",\"position\":2,\"name\":\"Specjalizacje\",\"item\":\"https:\\\/\\\/www.prawo-krakow.pl\\\/blog\\\/specjalizacje\\\/\"},{\"@type\":\"ListItem\",\"position\":3,\"name\":\"Prawo autorskie i prawo w\u0142asno\u015bci przemys\u0142owej\"}]},{\"@type\":\"WebSite\",\"@id\":\"https:\\\/\\\/www.prawo-krakow.pl\\\/blog\\\/#website\",\"url\":\"https:\\\/\\\/www.prawo-krakow.pl\\\/blog\\\/\",\"name\":\"Prawnicza Kancelaria\",\"description\":\"Do\u015bwiadczony Prawnik\",\"publisher\":{\"@id\":\"https:\\\/\\\/www.prawo-krakow.pl\\\/blog\\\/#organization\"},\"potentialAction\":[{\"@type\":\"SearchAction\",\"target\":{\"@type\":\"EntryPoint\",\"urlTemplate\":\"https:\\\/\\\/www.prawo-krakow.pl\\\/blog\\\/?s={search_term_string}\"},\"query-input\":{\"@type\":\"PropertyValueSpecification\",\"valueRequired\":true,\"valueName\":\"search_term_string\"}}],\"inLanguage\":\"pl-PL\"},{\"@type\":\"Organization\",\"@id\":\"https:\\\/\\\/www.prawo-krakow.pl\\\/blog\\\/#organization\",\"name\":\"Kancelaria Prawna\",\"url\":\"https:\\\/\\\/www.prawo-krakow.pl\\\/blog\\\/\",\"logo\":{\"@type\":\"ImageObject\",\"inLanguage\":\"pl-PL\",\"@id\":\"https:\\\/\\\/www.prawo-krakow.pl\\\/blog\\\/#\\\/schema\\\/logo\\\/image\\\/\",\"url\":\"https:\\\/\\\/www.prawo-krakow.pl\\\/blog\\\/wp-content\\\/uploads\\\/2021\\\/04\\\/cropped-court-hammer-books-judgment-law-concept.jpg\",\"contentUrl\":\"https:\\\/\\\/www.prawo-krakow.pl\\\/blog\\\/wp-content\\\/uploads\\\/2021\\\/04\\\/cropped-court-hammer-books-judgment-law-concept.jpg\",\"width\":1000,\"height\":667,\"caption\":\"Kancelaria Prawna\"},\"image\":{\"@id\":\"https:\\\/\\\/www.prawo-krakow.pl\\\/blog\\\/#\\\/schema\\\/logo\\\/image\\\/\"},\"sameAs\":[\"https:\\\/\\\/www.facebook.com\\\/prawnikradca\"]}]}<\/script>\n<!-- \/ Yoast SEO plugin. -->","yoast_head_json":{"title":"Prawo autorskie | Rejestracja znaku towarowego | Krak\u00f3w","description":"Pomagamy w takich sprawach jak autorskie prawa maj\u0105tkowe, autorskie prawa osobiste, ochrona wizerunku, nabycie praw autorskich oraz praw pokrewnych. Zapraszamy!","robots":{"index":"index","follow":"follow","max-snippet":"max-snippet:-1","max-image-preview":"max-image-preview:large","max-video-preview":"max-video-preview:-1"},"canonical":"https:\/\/www.prawo-krakow.pl\/blog\/specjalizacje\/prawo-autorskie-i-prawo-wlasnosci-przemyslowej\/","og_locale":"pl_PL","og_type":"article","og_title":"Prawo autorskie | Rejestracja znaku towarowego | Krak\u00f3w","og_description":"Pomagamy w takich sprawach jak autorskie prawa maj\u0105tkowe, autorskie prawa osobiste, ochrona wizerunku, nabycie praw autorskich oraz praw pokrewnych. Zapraszamy!","og_url":"https:\/\/www.prawo-krakow.pl\/blog\/specjalizacje\/prawo-autorskie-i-prawo-wlasnosci-przemyslowej\/","og_site_name":"Prawnicza Kancelaria","article_publisher":"https:\/\/www.facebook.com\/prawnikradca","article_modified_time":"2021-11-29T14:08:43+00:00","og_image":[{"url":"https:\/\/www.prawo-krakow.pl\/blog\/wp-content\/uploads\/2021\/05\/prawo-autorskie-prawnik.jpg","type":"","width":"","height":""}],"twitter_card":"summary_large_image","twitter_misc":{"Szacowany czas czytania":"1 minuta"},"schema":{"@context":"https:\/\/schema.org","@graph":[{"@type":"WebPage","@id":"https:\/\/www.prawo-krakow.pl\/blog\/specjalizacje\/prawo-autorskie-i-prawo-wlasnosci-przemyslowej\/","url":"https:\/\/www.prawo-krakow.pl\/blog\/specjalizacje\/prawo-autorskie-i-prawo-wlasnosci-przemyslowej\/","name":"Prawo autorskie | Rejestracja znaku towarowego | Krak\u00f3w","isPartOf":{"@id":"https:\/\/www.prawo-krakow.pl\/blog\/#website"},"primaryImageOfPage":{"@id":"https:\/\/www.prawo-krakow.pl\/blog\/specjalizacje\/prawo-autorskie-i-prawo-wlasnosci-przemyslowej\/#primaryimage"},"image":{"@id":"https:\/\/www.prawo-krakow.pl\/blog\/specjalizacje\/prawo-autorskie-i-prawo-wlasnosci-przemyslowej\/#primaryimage"},"thumbnailUrl":"https:\/\/www.prawo-krakow.pl\/blog\/wp-content\/uploads\/2021\/05\/prawo-autorskie-prawnik.jpg","datePublished":"2021-05-09T16:55:49+00:00","dateModified":"2021-11-29T14:08:43+00:00","description":"Pomagamy w takich sprawach jak autorskie prawa maj\u0105tkowe, autorskie prawa osobiste, ochrona wizerunku, nabycie praw autorskich oraz praw pokrewnych. Zapraszamy!","breadcrumb":{"@id":"https:\/\/www.prawo-krakow.pl\/blog\/specjalizacje\/prawo-autorskie-i-prawo-wlasnosci-przemyslowej\/#breadcrumb"},"inLanguage":"pl-PL","potentialAction":[{"@type":"ReadAction","target":["https:\/\/www.prawo-krakow.pl\/blog\/specjalizacje\/prawo-autorskie-i-prawo-wlasnosci-przemyslowej\/"]}]},{"@type":"ImageObject","inLanguage":"pl-PL","@id":"https:\/\/www.prawo-krakow.pl\/blog\/specjalizacje\/prawo-autorskie-i-prawo-wlasnosci-przemyslowej\/#primaryimage","url":"https:\/\/www.prawo-krakow.pl\/blog\/wp-content\/uploads\/2021\/05\/prawo-autorskie-prawnik.jpg","contentUrl":"https:\/\/www.prawo-krakow.pl\/blog\/wp-content\/uploads\/2021\/05\/prawo-autorskie-prawnik.jpg","width":612,"height":408,"caption":"pisanie w ksi\u0105\u017cce"},{"@type":"BreadcrumbList","@id":"https:\/\/www.prawo-krakow.pl\/blog\/specjalizacje\/prawo-autorskie-i-prawo-wlasnosci-przemyslowej\/#breadcrumb","itemListElement":[{"@type":"ListItem","position":1,"name":"Strona g\u0142\u00f3wna","item":"https:\/\/www.prawo-krakow.pl\/blog\/"},{"@type":"ListItem","position":2,"name":"Specjalizacje","item":"https:\/\/www.prawo-krakow.pl\/blog\/specjalizacje\/"},{"@type":"ListItem","position":3,"name":"Prawo autorskie i prawo w\u0142asno\u015bci przemys\u0142owej"}]},{"@type":"WebSite","@id":"https:\/\/www.prawo-krakow.pl\/blog\/#website","url":"https:\/\/www.prawo-krakow.pl\/blog\/","name":"Prawnicza Kancelaria","description":"Do\u015bwiadczony Prawnik","publisher":{"@id":"https:\/\/www.prawo-krakow.pl\/blog\/#organization"},"potentialAction":[{"@type":"SearchAction","target":{"@type":"EntryPoint","urlTemplate":"https:\/\/www.prawo-krakow.pl\/blog\/?s={search_term_string}"},"query-input":{"@type":"PropertyValueSpecification","valueRequired":true,"valueName":"search_term_string"}}],"inLanguage":"pl-PL"},{"@type":"Organization","@id":"https:\/\/www.prawo-krakow.pl\/blog\/#organization","name":"Kancelaria Prawna","url":"https:\/\/www.prawo-krakow.pl\/blog\/","logo":{"@type":"ImageObject","inLanguage":"pl-PL","@id":"https:\/\/www.prawo-krakow.pl\/blog\/#\/schema\/logo\/image\/","url":"https:\/\/www.prawo-krakow.pl\/blog\/wp-content\/uploads\/2021\/04\/cropped-court-hammer-books-judgment-law-concept.jpg","contentUrl":"https:\/\/www.prawo-krakow.pl\/blog\/wp-content\/uploads\/2021\/04\/cropped-court-hammer-books-judgment-law-concept.jpg","width":1000,"height":667,"caption":"Kancelaria Prawna"},"image":{"@id":"https:\/\/www.prawo-krakow.pl\/blog\/#\/schema\/logo\/image\/"},"sameAs":["https:\/\/www.facebook.com\/prawnikradca"]}]}},"_links":{"self":[{"href":"https:\/\/www.prawo-krakow.pl\/blog\/wp-json\/wp\/v2\/pages\/3774","targetHints":{"allow":["GET"]}}],"collection":[{"href":"https:\/\/www.prawo-krakow.pl\/blog\/wp-json\/wp\/v2\/pages"}],"about":[{"href":"https:\/\/www.prawo-krakow.pl\/blog\/wp-json\/wp\/v2\/types\/page"}],"author":[{"embeddable":true,"href":"https:\/\/www.prawo-krakow.pl\/blog\/wp-json\/wp\/v2\/users\/1"}],"replies":[{"embeddable":true,"href":"https:\/\/www.prawo-krakow.pl\/blog\/wp-json\/wp\/v2\/comments?post=3774"}],"version-history":[{"count":3,"href":"https:\/\/www.prawo-krakow.pl\/blog\/wp-json\/wp\/v2\/pages\/3774\/revisions"}],"predecessor-version":[{"id":4295,"href":"https:\/\/www.prawo-krakow.pl\/blog\/wp-json\/wp\/v2\/pages\/3774\/revisions\/4295"}],"up":[{"embeddable":true,"href":"https:\/\/www.prawo-krakow.pl\/blog\/wp-json\/wp\/v2\/pages\/10"}],"wp:attachment":[{"href":"https:\/\/www.prawo-krakow.pl\/blog\/wp-json\/wp\/v2\/media?parent=3774"}],"curies":[{"name":"wp","href":"https:\/\/api.w.org\/{rel}","templated":true}]}}