{"id":3773,"date":"2021-05-09T19:34:41","date_gmt":"2021-05-09T19:34:41","guid":{"rendered":"https:\/\/www.prawo-krakow.pl\/blog\/?page_id=3773"},"modified":"2026-01-23T08:54:25","modified_gmt":"2026-01-23T08:54:25","slug":"upadlosc-konsumencka","status":"publish","type":"page","link":"https:\/\/www.prawo-krakow.pl\/blog\/upadlosc-konsumencka\/","title":{"rendered":"Upad\u0142o\u015b\u0107 konsumencka Krak\u00f3w"},"content":{"rendered":"<p><strong>Upad\u0142o\u015b\u0107 konsumencka<\/strong> (Krak\u00f3w), to post\u0119powanie s\u0105dowe, kt\u00f3re skierowane jest dla os\u00f3b prywatnych, czyli takich, kt\u00f3re nie posiadaj\u0105 firm. Post\u0119powanie to ma na celu na celu og\u0142oszenie upad\u0142o\u015bci. Decyzj\u0119 o dzia\u0142aniu jakim jest upad\u0142o\u015b\u0107 konsumencka podejmuje si\u0119 w przypadku os\u00f3b, kt\u00f3re nie s\u0105 w stanie wyj\u015b\u0107 ze swoich d\u0142ug\u00f3w i sta\u0142y si\u0119 niewyp\u0142acalne. Upad\u0142o\u015b\u0107 konsumencka (Krak\u00f3w) s\u0142u\u017cy odd\u0142u\u017ceniu ca\u0142o\u015bci lub cz\u0119\u015bci nale\u017cno\u015bci.<\/p>\n<p>Trzeba pami\u0119ta\u0107, \u017ce redukcja d\u0142ug\u00f3w ma wp\u0142yw wy\u0142\u0105cznie na zad\u0142u\u017cenie obci\u0105\u017caj\u0105ce danego cz\u0142owieka przed jej og\u0142oszeniem. Co istotne, upad\u0142o\u015b\u0107 konsumencka (Krak\u00f3w) i ca\u0142y proces z tym zwi\u0105zany mo\u017ce zosta\u0107 zapocz\u0105tkowany nie tylko przez d\u0142u\u017cnika, ale tak\u017ce wierzyciela. Og\u0142oszenie upad\u0142o\u015bci osoby fizycznej nie mo\u017ce oby\u0107 si\u0119 bez s\u0105du, dlatego zainteresowanym potrzebna b\u0119dzie odpowiednia reprezentacja i pomoc &#8211; <strong>zapraszamy do kontaktu, je\u015bli potrzebuj\u0105 Pa\u0144stwo doradztwa w sprawie upad\u0142o\u015bci konsumenckiej (Krak\u00f3w).<\/strong><\/p>\n\n\n<div class=\"wp-block-buttons is-content-justification-center is-layout-flex wp-container-core-buttons-is-layout-16018d1d wp-block-buttons-is-layout-flex\">\n<div class=\"wp-block-button\"><a class=\"wp-block-button__link has-base-3-color has-accent-background-color has-text-color has-background has-link-color wp-element-button\" href=\"tel:+48 514 089 599\">Skontaktuj si\u0119 z nami!<\/a><\/div>\n<\/div>\n\n\n\n<h2 class=\"wp-block-heading\"><strong>Upad\u0142o\u015b\u0107 konsumencka Krak\u00f3w<\/strong> &#8211; pomoc w jej og\u0142oszeniu<\/h2>\n\n\n<p>Aby og\u0142osi\u0107 upad\u0142o\u015b\u0107 konsumenck\u0105, nale\u017cy z\u0142o\u017cy\u0107 wniosek i ui\u015bci\u0107 op\u0142at\u0119 wynosz\u0105c\u0105 30 z\u0142. Mog\u0105 to zrobi\u0107 osoby, kt\u00f3re nie s\u0105 w stanie podo\u0142a\u0107 uiszczaniu nale\u017cno\u015bci od co najmniej 3 miesi\u0119cy. Samodzielne przygotowywanie tego pisma mo\u017ce by\u0107 dla Pa\u0144stwa problematyczne, dlatego zajmujemy si\u0119 sporz\u0105dzaniem wszelkiej potrzebnej dokumentacji dla naszych klient\u00f3w w sprawie upad\u0142o\u015bci konsumenckiej (Krak\u00f3w), w kt\u00f3rej rzetelnie uzasadniamy podstawy podj\u0119cia takiego kroku. Dzi\u0119ki temu jeste\u015bmy w stanie zwi\u0119kszy\u0107 korzy\u015bci p\u0142yn\u0105ce z tej decyzji.<\/p>\n<p>Nierzadko upad\u0142o\u015b\u0107 konsumencka\u00a0 mo\u017ce zosta\u0107 og\u0142oszona przez ma\u0142\u017conka. W tej sytuacji mi\u0119dzy ma\u0142\u017conkami powstaje <a href=\"https:\/\/www.prawo-krakow.pl\/blog\/rozwod-i-podzial-majatku\/\">rozdzielno\u015b\u0107 maj\u0105tkowa<\/a> a maj\u0105tek wsp\u00f3lny, kt\u00f3rego podzia\u0142 nie jest dopuszczalny wchodzi do masy upad\u0142o\u015bci. Warto mie\u0107 ponadto \u015bwiadomo\u015b\u0107, \u017ce wniosek o og\u0142oszenie upad\u0142o\u015bci konsumenckiej (Krak\u00f3w) mo\u017ce z\u0142o\u017cy\u0107 tak\u017ce wierzyciel. Niezale\u017cnie od tego, czy upad\u0142o\u015b\u0107 konsumencka (Krak\u00f3w) jest spowodowana brakiem pracy, chorob\u0105 lub jeszcze innym zdarzeniem, nasza kancelaria ch\u0119tnie pomo\u017ce. W tym celu zapraszamy do kontaktu, a nasi specjali\u015bci um\u00f3wi\u0105 spotkanie, na kt\u00f3rym prawnik dowie si\u0119 wi\u0119cej na temat konkretnej sprawy klienta, a tak\u017ce wyja\u015bni w spos\u00f3b rzeczowy zagadnienie, kt\u00f3rym jest upad\u0142o\u015b\u0107 konsumencka (Krak\u00f3w).<\/p>\n<h2><strong>Upad\u0142o\u015b\u0107 konsumencka Krak\u00f3w<\/strong> \u2013 w czym mo\u017cemy pom\u00f3c?<\/h2>\n<p>Upad\u0142o\u015b\u0107 konsumencka przy wsparciu do\u015bwiadczonego prawnika niesie za sob\u0105 wiele korzy\u015bci. Przede wszystkim pojawia si\u0119 mo\u017cliwo\u015b\u0107 umorzenia d\u0142ugu cz\u0119\u015bciowo, a nawet ca\u0142kowicie. Co wi\u0119cej, mo\u017cliwe staje si\u0119 tak\u017ce zabezpieczenie takiej kwoty, kt\u00f3ra pozwoli zaspokoi\u0107 potrzeby \u017cyciowe w wypadku, gdy dojdzie do likwidacji maj\u0105tku.<\/p>\n<p>Niejednokrotnie spotykamy si\u0119 z w\u0105tpliwo\u015bciami co do tego, czy upad\u0142o\u015b\u0107 konsumencka to korzystne rozwi\u0105zanie. Nasze do\u015bwiadczenie i wiedza nie pozostawiaj\u0105 z\u0142udze\u0144 \u2013 ta opcja pozwala na wyj\u015bcie z d\u0142ug\u00f3w. Aby by\u0142o to mo\u017cliwe, pomagamy klientom naszej kancelarii opracowa\u0107 plan sp\u0142aty d\u0142ug\u00f3w, kt\u00f3ry b\u0119dzie uwzgl\u0119dnia\u0142 realne mo\u017cliwo\u015bci d\u0142u\u017cnika. Wsp\u00f3\u0142pracuj\u0105c z klientem w sprawie <strong>upad\u0142o\u015bci konsumenckiej (Krak\u00f3w)<\/strong>, zawsze informujemy o wszystkich konsekwencjach jej og\u0142oszenia. Wszystkich klient\u00f3w traktujemy z szacunkiem, zachowuj\u0105c najwy\u017csze standardy us\u0142ug prawniczych oraz pe\u0142en profesjonalizm.<\/p>\n<p><strong>Upad\u0142o\u015b\u0107 konsumencka (Krak\u00f3w)<\/strong> to specjalno\u015b\u0107, w kt\u00f3rej nasza kadra posiada wieloletnie do\u015bwiadczenie, kt\u00f3re ci\u0105gle poszerzamy. Stale zwi\u0119kszamy nasz\u0105 wiedz\u0119 i aktualizujemy znajomo\u015b\u0107 prawa, kt\u00f3re nieprzerwanie ewoluuje. Dzia\u0142amy <strong>na terenie Krakowa<\/strong>, zapraszamy do kontaktu z naszym biurem!<\/p>\n<h2>Upad\u0142o\u015b\u0107 konsumencka Krak\u00f3w \u2013 kto mo\u017ce j\u0105 og\u0142osi\u0107?<\/h2>\n<p>Prawo przewiduje, \u017ce wniosek o upad\u0142o\u015b\u0107 konsumenck\u0105 mog\u0105 z\u0142o\u017cy\u0107 osoby, kt\u00f3re sta\u0142y si\u0119 niewyp\u0142acalne, czyli nie s\u0105 w stanie regulowa\u0107 swoich zobowi\u0105za\u0144 pieni\u0119\u017cnych w terminie. W praktyce oznacza to, i\u017c d\u0142ugi przewy\u017cszaj\u0105 mo\u017cliwo\u015bci finansowe d\u0142u\u017cnika, za\u015b pr\u00f3by polubownego porozumienia z wierzycielami nie przynios\u0142y efektu. W\u0142a\u015bciwie okre\u015blenie spe\u0142nienia tych warunk\u00f3w ma niebagatelne znaczenie w ca\u0142ej procedurze.<\/p>\n\n\n<details class=\"wp-block-details is-layout-flow wp-block-details-is-layout-flow\"><summary>Czytaj wi\u0119cej<\/summary>\n<h2 class=\"wp-block-heading\">Upad\u0142o\u015b\u0107 konsumencka, Krak\u00f3w \u2013 kiedy warto si\u0119 zdecydowa\u0107?<\/h2>\n\n\n\n<p>Decyzja o og\u0142oszeniu upad\u0142o\u015bci konsumenckiej powinna zosta\u0107 podj\u0119ta w momencie, gdy d\u0142ugi sta\u0142y si\u0119 niemo\u017cliwe do sp\u0142acenia i klientowi grozi utrata \u015brodk\u00f3w na codzienne \u017cycie albo egzekucje komornicze. Wczesne skorzystanie z procedury pozwala unikn\u0105\u0107 narastania zobowi\u0105za\u0144 oraz koszt\u00f3w zwi\u0105zanych z op\u00f3\u017anieniami w sp\u0142acie, co zwi\u0119ksza szanse na korzystne warunki sp\u0142aty i umorzenie cz\u0119\u015bci d\u0142ugu.<\/p>\n\n\n\n<h2 class=\"wp-block-heading\"><a><\/a>Upad\u0142o\u015b\u0107 konsumencka, Krak\u00f3w \u2013 dlaczego warto skorzysta\u0107 z naszej pomocy?<\/h2>\n\n\n\n<p>Profesjonalne wsparcie prawne jest niezwykle istotne w ca\u0142ym procesie. Pomo\u017cemy przygotowa\u0107 kompletny wniosek, w\u0142a\u015bciwie udokumentowa\u0107 sytuacj\u0119 finansow\u0105 oraz zapewnimy wsparcie na ka\u017cdym etapie wsp\u00f3\u0142pracy. Dzi\u0119ki temu klient zyska wi\u0119cej spokoju, uniknie b\u0142\u0119d\u00f3w proceduralnych, a tak\u017ce zwi\u0119kszy swoje szanse na pozytywne rozstrzygni\u0119cie sprawy.<\/p>\n\n\n\n<h2 class=\"wp-block-heading\"><a><\/a>Ile trwa procedura upad\u0142o\u015bci konsumenckiej?<\/h2>\n\n\n\n<p>Czas trwania procedury uzale\u017cniony jest od indywidualnej sytuacji finansowej d\u0142u\u017cnika oraz od obci\u0105\u017cenia s\u0105d\u00f3w. Z\u0142o\u017cenie wniosku i wydanie decyzji zwykle trwa kilka miesi\u0119cy, za\u015b nast\u0119pnie plan sp\u0142aty wierzycieli realizowany jest przez syndyka.<\/p>\n\n\n\n<p>Ca\u0142y proces, od z\u0142o\u017cenia wniosku do umorzenia cz\u0119\u015bci lub ca\u0142o\u015bci zobowi\u0105za\u0144, mo\u017ce zaj\u0105\u0107 od kilkunastu miesi\u0119cy do kilku lat w zale\u017cno\u015bci od stopnia skomplikowania sprawy i liczby wierzycieli. Dzi\u0119ki profesjonalnemu wsparciu z naszej strony procedura upad\u0142o\u015bci konsumenckiej przebiega sprawniej oraz z mniejszym ryzykiem b\u0142\u0119d\u00f3w formalnych.<\/p>\n<\/details>\n","protected":false},"excerpt":{"rendered":"<p>Upad\u0142o\u015b\u0107 konsumencka (Krak\u00f3w), to post\u0119powanie s\u0105dowe, kt\u00f3re skierowane jest dla os\u00f3b prywatnych, czyli takich, kt\u00f3re nie posiadaj\u0105 firm. Post\u0119powanie to ma na celu na celu &#8230; <\/p>\n<p class=\"read-more-container\"><a title=\"Upad\u0142o\u015b\u0107 konsumencka Krak\u00f3w\" class=\"read-more button\" href=\"https:\/\/www.prawo-krakow.pl\/blog\/upadlosc-konsumencka\/#more-3773\" aria-label=\"More on Upad\u0142o\u015b\u0107 konsumencka Krak\u00f3w\">Czytaj dalej<\/a><\/p>\n","protected":false},"author":1,"featured_media":0,"parent":0,"menu_order":0,"comment_status":"closed","ping_status":"closed","template":"","meta":{"footnotes":""},"class_list":["post-3773","page","type-page","status-publish"],"yoast_head":"<!-- This site is optimized with the Yoast SEO plugin v27.3 - https:\/\/yoast.com\/product\/yoast-seo-wordpress\/ -->\n<title>Upad\u0142o\u015b\u0107 Konsumencka Krak\u00f3w | prawo-krakow.pl<\/title>\n<meta name=\"description\" content=\"Upad\u0142o\u015b\u0107 konsumencka Krak\u00f3w. Udzielamy pomocy prawnej w z\u0142o\u017ceniu wniosku o upad\u0142o\u015b\u0107 konsumenck\u0105. Zapraszamy do kontaktu.\" \/>\n<meta name=\"robots\" content=\"index, follow, max-snippet:-1, max-image-preview:large, max-video-preview:-1\" \/>\n<link rel=\"canonical\" href=\"https:\/\/www.prawo-krakow.pl\/blog\/upadlosc-konsumencka\/\" \/>\n<meta property=\"og:locale\" content=\"pl_PL\" \/>\n<meta property=\"og:type\" content=\"article\" \/>\n<meta property=\"og:title\" content=\"Upad\u0142o\u015b\u0107 Konsumencka Krak\u00f3w | prawo-krakow.pl\" \/>\n<meta property=\"og:description\" content=\"Upad\u0142o\u015b\u0107 konsumencka Krak\u00f3w. Udzielamy pomocy prawnej w z\u0142o\u017ceniu wniosku o upad\u0142o\u015b\u0107 konsumenck\u0105. Zapraszamy do kontaktu.\" \/>\n<meta property=\"og:url\" content=\"https:\/\/www.prawo-krakow.pl\/blog\/upadlosc-konsumencka\/\" \/>\n<meta property=\"og:site_name\" content=\"Prawnicza Kancelaria\" \/>\n<meta property=\"article:publisher\" content=\"https:\/\/www.facebook.com\/prawnikradca\" \/>\n<meta property=\"article:modified_time\" content=\"2026-01-23T08:54:25+00:00\" \/>\n<meta name=\"twitter:card\" content=\"summary_large_image\" \/>\n<meta name=\"twitter:label1\" content=\"Szacowany czas czytania\" \/>\n\t<meta name=\"twitter:data1\" content=\"5 minut\" \/>\n<script type=\"application\/ld+json\" class=\"yoast-schema-graph\">{\"@context\":\"https:\\\/\\\/schema.org\",\"@graph\":[{\"@type\":\"WebPage\",\"@id\":\"https:\\\/\\\/www.prawo-krakow.pl\\\/blog\\\/upadlosc-konsumencka\\\/\",\"url\":\"https:\\\/\\\/www.prawo-krakow.pl\\\/blog\\\/upadlosc-konsumencka\\\/\",\"name\":\"Upad\u0142o\u015b\u0107 Konsumencka Krak\u00f3w | prawo-krakow.pl\",\"isPartOf\":{\"@id\":\"https:\\\/\\\/www.prawo-krakow.pl\\\/blog\\\/#website\"},\"datePublished\":\"2021-05-09T19:34:41+00:00\",\"dateModified\":\"2026-01-23T08:54:25+00:00\",\"description\":\"Upad\u0142o\u015b\u0107 konsumencka Krak\u00f3w. Udzielamy pomocy prawnej w z\u0142o\u017ceniu wniosku o upad\u0142o\u015b\u0107 konsumenck\u0105. Zapraszamy do kontaktu.\",\"breadcrumb\":{\"@id\":\"https:\\\/\\\/www.prawo-krakow.pl\\\/blog\\\/upadlosc-konsumencka\\\/#breadcrumb\"},\"inLanguage\":\"pl-PL\",\"potentialAction\":[{\"@type\":\"ReadAction\",\"target\":[\"https:\\\/\\\/www.prawo-krakow.pl\\\/blog\\\/upadlosc-konsumencka\\\/\"]}]},{\"@type\":\"BreadcrumbList\",\"@id\":\"https:\\\/\\\/www.prawo-krakow.pl\\\/blog\\\/upadlosc-konsumencka\\\/#breadcrumb\",\"itemListElement\":[{\"@type\":\"ListItem\",\"position\":1,\"name\":\"Strona g\u0142\u00f3wna\",\"item\":\"https:\\\/\\\/www.prawo-krakow.pl\\\/blog\\\/\"},{\"@type\":\"ListItem\",\"position\":2,\"name\":\"Upad\u0142o\u015b\u0107 konsumencka Krak\u00f3w\"}]},{\"@type\":\"WebSite\",\"@id\":\"https:\\\/\\\/www.prawo-krakow.pl\\\/blog\\\/#website\",\"url\":\"https:\\\/\\\/www.prawo-krakow.pl\\\/blog\\\/\",\"name\":\"Prawnicza Kancelaria\",\"description\":\"Do\u015bwiadczony Prawnik\",\"publisher\":{\"@id\":\"https:\\\/\\\/www.prawo-krakow.pl\\\/blog\\\/#organization\"},\"potentialAction\":[{\"@type\":\"SearchAction\",\"target\":{\"@type\":\"EntryPoint\",\"urlTemplate\":\"https:\\\/\\\/www.prawo-krakow.pl\\\/blog\\\/?s={search_term_string}\"},\"query-input\":{\"@type\":\"PropertyValueSpecification\",\"valueRequired\":true,\"valueName\":\"search_term_string\"}}],\"inLanguage\":\"pl-PL\"},{\"@type\":\"Organization\",\"@id\":\"https:\\\/\\\/www.prawo-krakow.pl\\\/blog\\\/#organization\",\"name\":\"Kancelaria Prawna\",\"url\":\"https:\\\/\\\/www.prawo-krakow.pl\\\/blog\\\/\",\"logo\":{\"@type\":\"ImageObject\",\"inLanguage\":\"pl-PL\",\"@id\":\"https:\\\/\\\/www.prawo-krakow.pl\\\/blog\\\/#\\\/schema\\\/logo\\\/image\\\/\",\"url\":\"https:\\\/\\\/www.prawo-krakow.pl\\\/blog\\\/wp-content\\\/uploads\\\/2021\\\/04\\\/cropped-court-hammer-books-judgment-law-concept.jpg\",\"contentUrl\":\"https:\\\/\\\/www.prawo-krakow.pl\\\/blog\\\/wp-content\\\/uploads\\\/2021\\\/04\\\/cropped-court-hammer-books-judgment-law-concept.jpg\",\"width\":1000,\"height\":667,\"caption\":\"Kancelaria Prawna\"},\"image\":{\"@id\":\"https:\\\/\\\/www.prawo-krakow.pl\\\/blog\\\/#\\\/schema\\\/logo\\\/image\\\/\"},\"sameAs\":[\"https:\\\/\\\/www.facebook.com\\\/prawnikradca\"]}]}<\/script>\n<!-- \/ Yoast SEO plugin. -->","yoast_head_json":{"title":"Upad\u0142o\u015b\u0107 Konsumencka Krak\u00f3w | prawo-krakow.pl","description":"Upad\u0142o\u015b\u0107 konsumencka Krak\u00f3w. Udzielamy pomocy prawnej w z\u0142o\u017ceniu wniosku o upad\u0142o\u015b\u0107 konsumenck\u0105. Zapraszamy do kontaktu.","robots":{"index":"index","follow":"follow","max-snippet":"max-snippet:-1","max-image-preview":"max-image-preview:large","max-video-preview":"max-video-preview:-1"},"canonical":"https:\/\/www.prawo-krakow.pl\/blog\/upadlosc-konsumencka\/","og_locale":"pl_PL","og_type":"article","og_title":"Upad\u0142o\u015b\u0107 Konsumencka Krak\u00f3w | prawo-krakow.pl","og_description":"Upad\u0142o\u015b\u0107 konsumencka Krak\u00f3w. Udzielamy pomocy prawnej w z\u0142o\u017ceniu wniosku o upad\u0142o\u015b\u0107 konsumenck\u0105. Zapraszamy do kontaktu.","og_url":"https:\/\/www.prawo-krakow.pl\/blog\/upadlosc-konsumencka\/","og_site_name":"Prawnicza Kancelaria","article_publisher":"https:\/\/www.facebook.com\/prawnikradca","article_modified_time":"2026-01-23T08:54:25+00:00","twitter_card":"summary_large_image","twitter_misc":{"Szacowany czas czytania":"5 minut"},"schema":{"@context":"https:\/\/schema.org","@graph":[{"@type":"WebPage","@id":"https:\/\/www.prawo-krakow.pl\/blog\/upadlosc-konsumencka\/","url":"https:\/\/www.prawo-krakow.pl\/blog\/upadlosc-konsumencka\/","name":"Upad\u0142o\u015b\u0107 Konsumencka Krak\u00f3w | prawo-krakow.pl","isPartOf":{"@id":"https:\/\/www.prawo-krakow.pl\/blog\/#website"},"datePublished":"2021-05-09T19:34:41+00:00","dateModified":"2026-01-23T08:54:25+00:00","description":"Upad\u0142o\u015b\u0107 konsumencka Krak\u00f3w. Udzielamy pomocy prawnej w z\u0142o\u017ceniu wniosku o upad\u0142o\u015b\u0107 konsumenck\u0105. Zapraszamy do kontaktu.","breadcrumb":{"@id":"https:\/\/www.prawo-krakow.pl\/blog\/upadlosc-konsumencka\/#breadcrumb"},"inLanguage":"pl-PL","potentialAction":[{"@type":"ReadAction","target":["https:\/\/www.prawo-krakow.pl\/blog\/upadlosc-konsumencka\/"]}]},{"@type":"BreadcrumbList","@id":"https:\/\/www.prawo-krakow.pl\/blog\/upadlosc-konsumencka\/#breadcrumb","itemListElement":[{"@type":"ListItem","position":1,"name":"Strona g\u0142\u00f3wna","item":"https:\/\/www.prawo-krakow.pl\/blog\/"},{"@type":"ListItem","position":2,"name":"Upad\u0142o\u015b\u0107 konsumencka Krak\u00f3w"}]},{"@type":"WebSite","@id":"https:\/\/www.prawo-krakow.pl\/blog\/#website","url":"https:\/\/www.prawo-krakow.pl\/blog\/","name":"Prawnicza Kancelaria","description":"Do\u015bwiadczony Prawnik","publisher":{"@id":"https:\/\/www.prawo-krakow.pl\/blog\/#organization"},"potentialAction":[{"@type":"SearchAction","target":{"@type":"EntryPoint","urlTemplate":"https:\/\/www.prawo-krakow.pl\/blog\/?s={search_term_string}"},"query-input":{"@type":"PropertyValueSpecification","valueRequired":true,"valueName":"search_term_string"}}],"inLanguage":"pl-PL"},{"@type":"Organization","@id":"https:\/\/www.prawo-krakow.pl\/blog\/#organization","name":"Kancelaria Prawna","url":"https:\/\/www.prawo-krakow.pl\/blog\/","logo":{"@type":"ImageObject","inLanguage":"pl-PL","@id":"https:\/\/www.prawo-krakow.pl\/blog\/#\/schema\/logo\/image\/","url":"https:\/\/www.prawo-krakow.pl\/blog\/wp-content\/uploads\/2021\/04\/cropped-court-hammer-books-judgment-law-concept.jpg","contentUrl":"https:\/\/www.prawo-krakow.pl\/blog\/wp-content\/uploads\/2021\/04\/cropped-court-hammer-books-judgment-law-concept.jpg","width":1000,"height":667,"caption":"Kancelaria Prawna"},"image":{"@id":"https:\/\/www.prawo-krakow.pl\/blog\/#\/schema\/logo\/image\/"},"sameAs":["https:\/\/www.facebook.com\/prawnikradca"]}]}},"_links":{"self":[{"href":"https:\/\/www.prawo-krakow.pl\/blog\/wp-json\/wp\/v2\/pages\/3773","targetHints":{"allow":["GET"]}}],"collection":[{"href":"https:\/\/www.prawo-krakow.pl\/blog\/wp-json\/wp\/v2\/pages"}],"about":[{"href":"https:\/\/www.prawo-krakow.pl\/blog\/wp-json\/wp\/v2\/types\/page"}],"author":[{"embeddable":true,"href":"https:\/\/www.prawo-krakow.pl\/blog\/wp-json\/wp\/v2\/users\/1"}],"replies":[{"embeddable":true,"href":"https:\/\/www.prawo-krakow.pl\/blog\/wp-json\/wp\/v2\/comments?post=3773"}],"version-history":[{"count":19,"href":"https:\/\/www.prawo-krakow.pl\/blog\/wp-json\/wp\/v2\/pages\/3773\/revisions"}],"predecessor-version":[{"id":4925,"href":"https:\/\/www.prawo-krakow.pl\/blog\/wp-json\/wp\/v2\/pages\/3773\/revisions\/4925"}],"wp:attachment":[{"href":"https:\/\/www.prawo-krakow.pl\/blog\/wp-json\/wp\/v2\/media?parent=3773"}],"curies":[{"name":"wp","href":"https:\/\/api.w.org\/{rel}","templated":true}]}}