{"id":3772,"date":"2021-05-09T17:07:17","date_gmt":"2021-05-09T17:07:17","guid":{"rendered":"https:\/\/www.prawo-krakow.pl\/blog\/?page_id=3772"},"modified":"2026-01-23T08:46:03","modified_gmt":"2026-01-23T08:46:03","slug":"rozwod-i-podzial-majatku","status":"publish","type":"page","link":"https:\/\/www.prawo-krakow.pl\/blog\/rozwod-i-podzial-majatku\/","title":{"rendered":"Rozwody Krak\u00f3w"},"content":{"rendered":"<p>Doskonale wiemy, z czym wi\u0105\u017c\u0105 si\u0119<strong> rozwody (Krak\u00f3w)<\/strong>, dlatego staramy si\u0119 wychodzi\u0107 naprzeciw oczekiwaniom naszych klient\u00f3w. Stawiamy nie tylko na dok\u0142adno\u015b\u0107 pracy, ale te\u017c wyrozumia\u0142o\u015b\u0107. Zawsze naszym g\u0142\u00f3wnym celem jest doprowadzenie do sytuacji najlepszej dla klienta. <strong>Szukasz pomocy prawnej w sprawach rozwodowych? <\/strong>Zapraszamy do kontaktu z nasz\u0105 kancelari\u0105!<\/p>\n<p>Jako specjali\u015bci w dziedzinie spraw rozwodowych wiemy, \u017ce poszczeg\u00f3lne <strong>rozwody (Krak\u00f3w)<\/strong> r\u00f3\u017cni\u0105 si\u0119 od siebie, dlatego cz\u0119sto prawnik nie jest tylko i wy\u0142\u0105cznie prawnikiem w sprawie, ale przede wszystkim wsparciem dla klienta i <a href=\"https:\/\/www.prawo-krakow.pl\/blog\/\">doradc\u0105 prawnym.<\/a> Tego rodzaju sprawy s\u0105 trudne tak\u017ce ze wzgl\u0119du na dodatkowe, cz\u0119sto konieczne czynno\u015bci, m.in. takie jak ustalenie opieki rodzicielskiej, sprawy o alimenty czy podzia\u0142 maj\u0105tku.<\/p>\n<p>Dok\u0142adamy wszelkich stara\u0144, aby klienci w trakcie rozprawy zwi\u0105zanej z rozwodem czuli si\u0119 jak najbardziej komfortowo. Dopasowujemy nasz\u0105 ofert\u0119 oraz dzia\u0142ania w taki spos\u00f3b, by m\u00f3c sprosta\u0107 wszystkich potrzebom oraz wymaganiom naszych klient\u00f3w, wszystko jednak w zgodzie z przepisami prawa. W jaki spos\u00f3b przygotowa\u0107 si\u0119 do <strong>rozwodu (Krak\u00f3w)<\/strong> oraz jakie dokumenty b\u0119d\u0105 konieczne w trakcie ca\u0142ego procesu? W odpowiedzi na to pytanie mo\u017ce pom\u00f3c dobry prawnik.<\/p>\n\n\n<div class=\"wp-block-buttons is-content-justification-center is-layout-flex wp-container-core-buttons-is-layout-16018d1d wp-block-buttons-is-layout-flex\">\n<div class=\"wp-block-button\"><a class=\"wp-block-button__link has-base-3-color has-accent-background-color has-text-color has-background has-link-color wp-element-button\" href=\"tel:+48 514 089 599\">Skontaktuj si\u0119 z nami!<\/a><\/div>\n<\/div>\n\n\n\n<h2 class=\"wp-block-heading\">Rozwody Krak\u00f3w \u2013 pomoc prawna w trudnym momencie<\/h2>\n\n\n\n<p>Sprawy rozwodowe nale\u017c\u0105 do najbardziej wymagaj\u0105cych post\u0119powa\u0144 s\u0105dowych, poniewa\u017c \u0142\u0105cz\u0105 kwestie prawne z silnymi emocjami. Rozwody obejmuj\u0105 nie tylko rozwi\u0105zanie ma\u0142\u017ce\u0144stwa, ale niejednokrotnie r\u00f3wnie\u017c podzia\u0142 maj\u0105tku, ustalenie kontakt\u00f3w z dzie\u0107mi czy aliment\u00f3w. W\u0142a\u015bciwie przygotowanie do sprawy ma kluczowe znaczenie dla jej przebiegu, gdy\u017c zwi\u0119ksza szanse klienta na uzyskanie po\u017c\u0105danych rezultat\u00f3w.<\/p>\n\n\n\n<details class=\"wp-block-details is-layout-flow wp-block-details-is-layout-flow\"><summary>Czytaj wi\u0119cej<\/summary>\n<h2 class=\"wp-block-heading\">Rozwody, Krak\u00f3w \u2013 dlaczego warto skorzysta\u0107 z naszego wsparcia?<\/h2>\n\n\n\n<p>Post\u0119powanie rozwodowe wi\u0105\u017ce si\u0119 z licznymi formalno\u015bciami oraz konieczno\u015bci\u0105 ustalenia odpowiedniej strategii czy dotrzymania termin\u00f3w. W naszej kancelarii pomagamy przygotowa\u0107 pozew, zgromadzi\u0107 dowody, a tak\u017ce zapewniamy wsparcie na ka\u017cdym etapie wsp\u00f3\u0142pracy.<\/p>\n\n\n\n<p>Profesjonalna pomoc pozwala zachowa\u0107 wi\u0119kszy spok\u00f3j, unikn\u0105\u0107 niepotrzebnego stresu oraz zwi\u0119kszy\u0107 swoje szanse na sprawne przeprowadzenie post\u0119powania. To tak\u017ce spos\u00f3b na zabezpieczenie interes\u00f3w strony zar\u00f3wno w zakresie rozwodu, jak i p\u00f3\u017aniejszego podzia\u0142u maj\u0105tku.<\/p>\n\n\n\n<h2 class=\"wp-block-heading\"><a><\/a>W jakich sytuacjach s\u0105d mo\u017ce nie orzec rozwodu?<\/h2>\n\n\n\n<p>Zdarzaj\u0105 si\u0119 sytuacje, w kt\u00f3rych s\u0105d mo\u017ce nie orzec rozwodu. Dlatego tak wa\u017cne jest dobre przygotowanie z pomoc\u0105 naszego sepcjalisty. S\u0119dzia nie orzeknie rozwodu, je\u017celi uzna, \u017ce nie dosz\u0142o do trwa\u0142ego i zupe\u0142nego rozk\u0142adu po\u017cycia ma\u0142\u017ce\u0144skiego.<\/p>\n\n\n\n<p>Odmowa mo\u017ce te\u017c nast\u0105pi\u0107, gdy rozw\u00f3d by\u0142y sprzeczny z dobrem wsp\u00f3lnych ma\u0142oletnich dzieci albo zasadami wsp\u00f3\u0142\u017cycia spo\u0142ecznego. W takich przypadkach konieczna jest szczeg\u00f3\u0142owa analiza sytuacji rodzinnej i prawnej.<\/p>\n\n\n\n<h2 class=\"wp-block-heading\"><a><\/a>Czy szybki rozw\u00f3d jest mo\u017cliwy?<\/h2>\n\n\n\n<p>Szybki rozw\u00f3d jest mo\u017cliwy, gdy ma\u0142\u017conkowie s\u0105 zgodni co do rozwi\u0105zania ma\u0142\u017ce\u0144stwa i nie wnosz\u0105 o orzekanie o winie. Brak sporu dotycz\u0105cego dzieci oraz maj\u0105tku znacz\u0105co skraca czas post\u0119powania, w zwi\u0105zku z czym bezkonfliktowe rozwody mog\u0105 zako\u0144czy\u0107 si\u0119 ju\u017c na pierwszej rozprawie. Odpowiednia strategia prawna pozwala unikn\u0105\u0107 wieloletnich spor\u00f3w i dodatkowych koszt\u00f3w.<\/p>\n<\/details>\n\n\n\n<h2 class=\"wp-block-heading\"><strong>Rozwody Krak\u00f3w<\/strong><\/h2>\n\n\n\n<figure class=\"wp-block-image size-large\"><img fetchpriority=\"high\" decoding=\"async\" width=\"1024\" height=\"684\" src=\"https:\/\/www.prawo-krakow.pl\/blog\/wp-content\/uploads\/2021\/05\/rozwod-krakow-1024x684.jpg\" alt=\"rozw\u00f3d\" class=\"wp-image-3820\" title=\"adwokat rozw\u00f3d krak\u00f3w\" srcset=\"https:\/\/www.prawo-krakow.pl\/blog\/wp-content\/uploads\/2021\/05\/rozwod-krakow-1024x684.jpg 1024w, https:\/\/www.prawo-krakow.pl\/blog\/wp-content\/uploads\/2021\/05\/rozwod-krakow-300x200.jpg 300w, https:\/\/www.prawo-krakow.pl\/blog\/wp-content\/uploads\/2021\/05\/rozwod-krakow-768x513.jpg 768w, https:\/\/www.prawo-krakow.pl\/blog\/wp-content\/uploads\/2021\/05\/rozwod-krakow-1536x1025.jpg 1536w, https:\/\/www.prawo-krakow.pl\/blog\/wp-content\/uploads\/2021\/05\/rozwod-krakow-2048x1367.jpg 2048w\" sizes=\"(max-width: 1024px) 100vw, 1024px\" \/><\/figure>\n","protected":false},"excerpt":{"rendered":"<p>Doskonale wiemy, z czym wi\u0105\u017c\u0105 si\u0119 rozwody (Krak\u00f3w), dlatego staramy si\u0119 wychodzi\u0107 naprzeciw oczekiwaniom naszych klient\u00f3w. Stawiamy nie tylko na dok\u0142adno\u015b\u0107 pracy, ale te\u017c wyrozumia\u0142o\u015b\u0107. &#8230; <\/p>\n<p class=\"read-more-container\"><a title=\"Rozwody Krak\u00f3w\" class=\"read-more button\" href=\"https:\/\/www.prawo-krakow.pl\/blog\/rozwod-i-podzial-majatku\/#more-3772\" aria-label=\"More on Rozwody Krak\u00f3w\">Czytaj dalej<\/a><\/p>\n","protected":false},"author":1,"featured_media":0,"parent":0,"menu_order":0,"comment_status":"closed","ping_status":"closed","template":"","meta":{"footnotes":""},"class_list":["post-3772","page","type-page","status-publish"],"yoast_head":"<!-- This site is optimized with the Yoast SEO plugin v27.3 - https:\/\/yoast.com\/product\/yoast-seo-wordpress\/ -->\n<title>Rozwody Krak\u00f3w | prawo-krakow.pl<\/title>\n<meta name=\"description\" content=\"Naszym g\u0142\u00f3wnym celem jest doprowadzenie do sytuacji najlepszej dla klienta. Szukasz pomocy w sprawach rozwodowych i o podzia\u0142 maj\u0105tku? Zapraszamy do kontaktu!\" \/>\n<meta name=\"robots\" content=\"index, follow, max-snippet:-1, max-image-preview:large, max-video-preview:-1\" \/>\n<link rel=\"canonical\" href=\"https:\/\/www.prawo-krakow.pl\/blog\/rozwod-i-podzial-majatku\/\" \/>\n<meta property=\"og:locale\" content=\"pl_PL\" \/>\n<meta property=\"og:type\" content=\"article\" \/>\n<meta property=\"og:title\" content=\"Rozwody Krak\u00f3w | prawo-krakow.pl\" \/>\n<meta property=\"og:description\" content=\"Naszym g\u0142\u00f3wnym celem jest doprowadzenie do sytuacji najlepszej dla klienta. Szukasz pomocy w sprawach rozwodowych i o podzia\u0142 maj\u0105tku? Zapraszamy do kontaktu!\" \/>\n<meta property=\"og:url\" content=\"https:\/\/www.prawo-krakow.pl\/blog\/rozwod-i-podzial-majatku\/\" \/>\n<meta property=\"og:site_name\" content=\"Prawnicza Kancelaria\" \/>\n<meta property=\"article:publisher\" content=\"https:\/\/www.facebook.com\/prawnikradca\" \/>\n<meta property=\"article:modified_time\" content=\"2026-01-23T08:46:03+00:00\" \/>\n<meta property=\"og:image\" content=\"https:\/\/www.prawo-krakow.pl\/blog\/wp-content\/uploads\/2021\/05\/rozwod-krakow-scaled.jpg\" \/>\n\t<meta property=\"og:image:width\" content=\"2560\" \/>\n\t<meta property=\"og:image:height\" content=\"1709\" \/>\n\t<meta property=\"og:image:type\" content=\"image\/jpeg\" \/>\n<meta name=\"twitter:card\" content=\"summary_large_image\" \/>\n<meta name=\"twitter:label1\" content=\"Szacowany czas czytania\" \/>\n\t<meta name=\"twitter:data1\" content=\"3 minuty\" \/>\n<script type=\"application\/ld+json\" class=\"yoast-schema-graph\">{\"@context\":\"https:\\\/\\\/schema.org\",\"@graph\":[{\"@type\":\"WebPage\",\"@id\":\"https:\\\/\\\/www.prawo-krakow.pl\\\/blog\\\/rozwod-i-podzial-majatku\\\/\",\"url\":\"https:\\\/\\\/www.prawo-krakow.pl\\\/blog\\\/rozwod-i-podzial-majatku\\\/\",\"name\":\"Rozwody Krak\u00f3w | prawo-krakow.pl\",\"isPartOf\":{\"@id\":\"https:\\\/\\\/www.prawo-krakow.pl\\\/blog\\\/#website\"},\"primaryImageOfPage\":{\"@id\":\"https:\\\/\\\/www.prawo-krakow.pl\\\/blog\\\/rozwod-i-podzial-majatku\\\/#primaryimage\"},\"image\":{\"@id\":\"https:\\\/\\\/www.prawo-krakow.pl\\\/blog\\\/rozwod-i-podzial-majatku\\\/#primaryimage\"},\"thumbnailUrl\":\"https:\\\/\\\/www.prawo-krakow.pl\\\/blog\\\/wp-content\\\/uploads\\\/2021\\\/05\\\/rozwod-krakow-1024x684.jpg\",\"datePublished\":\"2021-05-09T17:07:17+00:00\",\"dateModified\":\"2026-01-23T08:46:03+00:00\",\"description\":\"Naszym g\u0142\u00f3wnym celem jest doprowadzenie do sytuacji najlepszej dla klienta. Szukasz pomocy w sprawach rozwodowych i o podzia\u0142 maj\u0105tku? Zapraszamy do kontaktu!\",\"breadcrumb\":{\"@id\":\"https:\\\/\\\/www.prawo-krakow.pl\\\/blog\\\/rozwod-i-podzial-majatku\\\/#breadcrumb\"},\"inLanguage\":\"pl-PL\",\"potentialAction\":[{\"@type\":\"ReadAction\",\"target\":[\"https:\\\/\\\/www.prawo-krakow.pl\\\/blog\\\/rozwod-i-podzial-majatku\\\/\"]}]},{\"@type\":\"ImageObject\",\"inLanguage\":\"pl-PL\",\"@id\":\"https:\\\/\\\/www.prawo-krakow.pl\\\/blog\\\/rozwod-i-podzial-majatku\\\/#primaryimage\",\"url\":\"https:\\\/\\\/www.prawo-krakow.pl\\\/blog\\\/wp-content\\\/uploads\\\/2021\\\/05\\\/rozwod-krakow-1024x684.jpg\",\"contentUrl\":\"https:\\\/\\\/www.prawo-krakow.pl\\\/blog\\\/wp-content\\\/uploads\\\/2021\\\/05\\\/rozwod-krakow-1024x684.jpg\"},{\"@type\":\"BreadcrumbList\",\"@id\":\"https:\\\/\\\/www.prawo-krakow.pl\\\/blog\\\/rozwod-i-podzial-majatku\\\/#breadcrumb\",\"itemListElement\":[{\"@type\":\"ListItem\",\"position\":1,\"name\":\"Strona g\u0142\u00f3wna\",\"item\":\"https:\\\/\\\/www.prawo-krakow.pl\\\/blog\\\/\"},{\"@type\":\"ListItem\",\"position\":2,\"name\":\"Rozwody Krak\u00f3w\"}]},{\"@type\":\"WebSite\",\"@id\":\"https:\\\/\\\/www.prawo-krakow.pl\\\/blog\\\/#website\",\"url\":\"https:\\\/\\\/www.prawo-krakow.pl\\\/blog\\\/\",\"name\":\"Prawnicza Kancelaria\",\"description\":\"Do\u015bwiadczony Prawnik\",\"publisher\":{\"@id\":\"https:\\\/\\\/www.prawo-krakow.pl\\\/blog\\\/#organization\"},\"potentialAction\":[{\"@type\":\"SearchAction\",\"target\":{\"@type\":\"EntryPoint\",\"urlTemplate\":\"https:\\\/\\\/www.prawo-krakow.pl\\\/blog\\\/?s={search_term_string}\"},\"query-input\":{\"@type\":\"PropertyValueSpecification\",\"valueRequired\":true,\"valueName\":\"search_term_string\"}}],\"inLanguage\":\"pl-PL\"},{\"@type\":\"Organization\",\"@id\":\"https:\\\/\\\/www.prawo-krakow.pl\\\/blog\\\/#organization\",\"name\":\"Kancelaria Prawna\",\"url\":\"https:\\\/\\\/www.prawo-krakow.pl\\\/blog\\\/\",\"logo\":{\"@type\":\"ImageObject\",\"inLanguage\":\"pl-PL\",\"@id\":\"https:\\\/\\\/www.prawo-krakow.pl\\\/blog\\\/#\\\/schema\\\/logo\\\/image\\\/\",\"url\":\"https:\\\/\\\/www.prawo-krakow.pl\\\/blog\\\/wp-content\\\/uploads\\\/2021\\\/04\\\/cropped-court-hammer-books-judgment-law-concept.jpg\",\"contentUrl\":\"https:\\\/\\\/www.prawo-krakow.pl\\\/blog\\\/wp-content\\\/uploads\\\/2021\\\/04\\\/cropped-court-hammer-books-judgment-law-concept.jpg\",\"width\":1000,\"height\":667,\"caption\":\"Kancelaria Prawna\"},\"image\":{\"@id\":\"https:\\\/\\\/www.prawo-krakow.pl\\\/blog\\\/#\\\/schema\\\/logo\\\/image\\\/\"},\"sameAs\":[\"https:\\\/\\\/www.facebook.com\\\/prawnikradca\"]}]}<\/script>\n<!-- \/ Yoast SEO plugin. -->","yoast_head_json":{"title":"Rozwody Krak\u00f3w | prawo-krakow.pl","description":"Naszym g\u0142\u00f3wnym celem jest doprowadzenie do sytuacji najlepszej dla klienta. Szukasz pomocy w sprawach rozwodowych i o podzia\u0142 maj\u0105tku? Zapraszamy do kontaktu!","robots":{"index":"index","follow":"follow","max-snippet":"max-snippet:-1","max-image-preview":"max-image-preview:large","max-video-preview":"max-video-preview:-1"},"canonical":"https:\/\/www.prawo-krakow.pl\/blog\/rozwod-i-podzial-majatku\/","og_locale":"pl_PL","og_type":"article","og_title":"Rozwody Krak\u00f3w | prawo-krakow.pl","og_description":"Naszym g\u0142\u00f3wnym celem jest doprowadzenie do sytuacji najlepszej dla klienta. Szukasz pomocy w sprawach rozwodowych i o podzia\u0142 maj\u0105tku? Zapraszamy do kontaktu!","og_url":"https:\/\/www.prawo-krakow.pl\/blog\/rozwod-i-podzial-majatku\/","og_site_name":"Prawnicza Kancelaria","article_publisher":"https:\/\/www.facebook.com\/prawnikradca","article_modified_time":"2026-01-23T08:46:03+00:00","og_image":[{"width":2560,"height":1709,"url":"https:\/\/www.prawo-krakow.pl\/blog\/wp-content\/uploads\/2021\/05\/rozwod-krakow-scaled.jpg","type":"image\/jpeg"}],"twitter_card":"summary_large_image","twitter_misc":{"Szacowany czas czytania":"3 minuty"},"schema":{"@context":"https:\/\/schema.org","@graph":[{"@type":"WebPage","@id":"https:\/\/www.prawo-krakow.pl\/blog\/rozwod-i-podzial-majatku\/","url":"https:\/\/www.prawo-krakow.pl\/blog\/rozwod-i-podzial-majatku\/","name":"Rozwody Krak\u00f3w | prawo-krakow.pl","isPartOf":{"@id":"https:\/\/www.prawo-krakow.pl\/blog\/#website"},"primaryImageOfPage":{"@id":"https:\/\/www.prawo-krakow.pl\/blog\/rozwod-i-podzial-majatku\/#primaryimage"},"image":{"@id":"https:\/\/www.prawo-krakow.pl\/blog\/rozwod-i-podzial-majatku\/#primaryimage"},"thumbnailUrl":"https:\/\/www.prawo-krakow.pl\/blog\/wp-content\/uploads\/2021\/05\/rozwod-krakow-1024x684.jpg","datePublished":"2021-05-09T17:07:17+00:00","dateModified":"2026-01-23T08:46:03+00:00","description":"Naszym g\u0142\u00f3wnym celem jest doprowadzenie do sytuacji najlepszej dla klienta. Szukasz pomocy w sprawach rozwodowych i o podzia\u0142 maj\u0105tku? Zapraszamy do kontaktu!","breadcrumb":{"@id":"https:\/\/www.prawo-krakow.pl\/blog\/rozwod-i-podzial-majatku\/#breadcrumb"},"inLanguage":"pl-PL","potentialAction":[{"@type":"ReadAction","target":["https:\/\/www.prawo-krakow.pl\/blog\/rozwod-i-podzial-majatku\/"]}]},{"@type":"ImageObject","inLanguage":"pl-PL","@id":"https:\/\/www.prawo-krakow.pl\/blog\/rozwod-i-podzial-majatku\/#primaryimage","url":"https:\/\/www.prawo-krakow.pl\/blog\/wp-content\/uploads\/2021\/05\/rozwod-krakow-1024x684.jpg","contentUrl":"https:\/\/www.prawo-krakow.pl\/blog\/wp-content\/uploads\/2021\/05\/rozwod-krakow-1024x684.jpg"},{"@type":"BreadcrumbList","@id":"https:\/\/www.prawo-krakow.pl\/blog\/rozwod-i-podzial-majatku\/#breadcrumb","itemListElement":[{"@type":"ListItem","position":1,"name":"Strona g\u0142\u00f3wna","item":"https:\/\/www.prawo-krakow.pl\/blog\/"},{"@type":"ListItem","position":2,"name":"Rozwody Krak\u00f3w"}]},{"@type":"WebSite","@id":"https:\/\/www.prawo-krakow.pl\/blog\/#website","url":"https:\/\/www.prawo-krakow.pl\/blog\/","name":"Prawnicza Kancelaria","description":"Do\u015bwiadczony Prawnik","publisher":{"@id":"https:\/\/www.prawo-krakow.pl\/blog\/#organization"},"potentialAction":[{"@type":"SearchAction","target":{"@type":"EntryPoint","urlTemplate":"https:\/\/www.prawo-krakow.pl\/blog\/?s={search_term_string}"},"query-input":{"@type":"PropertyValueSpecification","valueRequired":true,"valueName":"search_term_string"}}],"inLanguage":"pl-PL"},{"@type":"Organization","@id":"https:\/\/www.prawo-krakow.pl\/blog\/#organization","name":"Kancelaria Prawna","url":"https:\/\/www.prawo-krakow.pl\/blog\/","logo":{"@type":"ImageObject","inLanguage":"pl-PL","@id":"https:\/\/www.prawo-krakow.pl\/blog\/#\/schema\/logo\/image\/","url":"https:\/\/www.prawo-krakow.pl\/blog\/wp-content\/uploads\/2021\/04\/cropped-court-hammer-books-judgment-law-concept.jpg","contentUrl":"https:\/\/www.prawo-krakow.pl\/blog\/wp-content\/uploads\/2021\/04\/cropped-court-hammer-books-judgment-law-concept.jpg","width":1000,"height":667,"caption":"Kancelaria Prawna"},"image":{"@id":"https:\/\/www.prawo-krakow.pl\/blog\/#\/schema\/logo\/image\/"},"sameAs":["https:\/\/www.facebook.com\/prawnikradca"]}]}},"_links":{"self":[{"href":"https:\/\/www.prawo-krakow.pl\/blog\/wp-json\/wp\/v2\/pages\/3772","targetHints":{"allow":["GET"]}}],"collection":[{"href":"https:\/\/www.prawo-krakow.pl\/blog\/wp-json\/wp\/v2\/pages"}],"about":[{"href":"https:\/\/www.prawo-krakow.pl\/blog\/wp-json\/wp\/v2\/types\/page"}],"author":[{"embeddable":true,"href":"https:\/\/www.prawo-krakow.pl\/blog\/wp-json\/wp\/v2\/users\/1"}],"replies":[{"embeddable":true,"href":"https:\/\/www.prawo-krakow.pl\/blog\/wp-json\/wp\/v2\/comments?post=3772"}],"version-history":[{"count":30,"href":"https:\/\/www.prawo-krakow.pl\/blog\/wp-json\/wp\/v2\/pages\/3772\/revisions"}],"predecessor-version":[{"id":4922,"href":"https:\/\/www.prawo-krakow.pl\/blog\/wp-json\/wp\/v2\/pages\/3772\/revisions\/4922"}],"wp:attachment":[{"href":"https:\/\/www.prawo-krakow.pl\/blog\/wp-json\/wp\/v2\/media?parent=3772"}],"curies":[{"name":"wp","href":"https:\/\/api.w.org\/{rel}","templated":true}]}}