{"id":3747,"date":"2021-05-09T16:41:56","date_gmt":"2021-05-09T16:41:56","guid":{"rendered":"https:\/\/www.prawo-krakow.pl\/blog\/?page_id=3747"},"modified":"2026-01-23T08:52:10","modified_gmt":"2026-01-23T08:52:10","slug":"prawo-pracy","status":"publish","type":"page","link":"https:\/\/www.prawo-krakow.pl\/blog\/specjalizacje\/prawo-pracy\/","title":{"rendered":"Prawo pracy Krak\u00f3w"},"content":{"rendered":"<div class=\"wp-block-columns\"><img fetchpriority=\"high\" decoding=\"async\" class=\"alignnone size-medium wp-image-4147\" src=\"https:\/\/www.prawo-krakow.pl\/blog\/wp-content\/uploads\/2021\/08\/umowa-przedwstepna-sprzedazy-nieruchomosci-300x200.jpg\" alt=\"prawo pracy krak\u00f3w\" width=\"300\" height=\"200\" srcset=\"https:\/\/www.prawo-krakow.pl\/blog\/wp-content\/uploads\/2021\/08\/umowa-przedwstepna-sprzedazy-nieruchomosci-300x200.jpg 300w, https:\/\/www.prawo-krakow.pl\/blog\/wp-content\/uploads\/2021\/08\/umowa-przedwstepna-sprzedazy-nieruchomosci-1024x684.jpg 1024w, https:\/\/www.prawo-krakow.pl\/blog\/wp-content\/uploads\/2021\/08\/umowa-przedwstepna-sprzedazy-nieruchomosci-768x513.jpg 768w, https:\/\/www.prawo-krakow.pl\/blog\/wp-content\/uploads\/2021\/08\/umowa-przedwstepna-sprzedazy-nieruchomosci-1536x1025.jpg 1536w, https:\/\/www.prawo-krakow.pl\/blog\/wp-content\/uploads\/2021\/08\/umowa-przedwstepna-sprzedazy-nieruchomosci.jpg 1772w\" sizes=\"(max-width: 300px) 100vw, 300px\" \/><\/div>\n\n\n<p>Ka\u017cdy pracodawca oraz pracownik podlegaj\u0105 przepisom obowi\u0105zuj\u0105cego w naszym kraju prawa pracy. Jest ono jednak bardzo rozbudowane i zawiera wiele zapis\u00f3w, kt\u00f3re dla niekt\u00f3rych os\u00f3b mog\u0105 okaza\u0107 si\u0119 zbyt trudne do zrozumienia. Niewiedza za\u015b nie jest argumentem pozwalaj\u0105cym na nieprzestrzeganie przepis\u00f3w, a ponadto mo\u017ce ona prowadzi\u0107 do bardzo powa\u017cnych konsekwencji.<\/p>\n\n\n\n<p>Warto skorzysta\u0107 z pomocy profesjonalist\u00f3w specjalizuj\u0105cych si\u0119 w dziedzinie, jak\u0105 jest prawo pracy. Krak\u00f3w to miasto, gdzie dzia\u0142a nasza kancelaria. Ka\u017cda osoba potrzebuj\u0105ca pomocy w sprawach zwi\u0105zanych z tym obszarem, ale nie tylko, mo\u017ce liczy\u0107 na profesjonalne wsparcie. Dzia\u0142amy tak\u017ce na terenie ca\u0142ego wojew\u00f3dztwa ma\u0142opolskiego. Serdecznie zapraszamy do zapoznania si\u0119 z naszymi us\u0142ugami.<\/p>\n\n\n\n<div class=\"wp-block-buttons is-content-justification-center is-layout-flex wp-container-core-buttons-is-layout-16018d1d wp-block-buttons-is-layout-flex\">\n<div class=\"wp-block-button\"><a class=\"wp-block-button__link has-base-3-color has-accent-background-color has-text-color has-background has-link-color wp-element-button\" href=\"tel:+48 514 089 599\">Skontaktuj si\u0119 z nami!<\/a><\/div>\n<\/div>\n\n\n\n<h2 class=\"wp-block-heading\"><strong>Prawo pracy Krak\u00f3w<\/strong><\/h2>\n\n\n\n<p><strong>Prawo pracy (Krak\u00f3w)<\/strong> to jedna z g\u0142\u00f3wnych specjalizacji, kt\u00f3r\u0105 zajmujemy si\u0119 w naszej kancelarii. Oferujemy pomoc w skutecznym rozwi\u0105zywaniu spor\u00f3w, a przy tym zapewniamy profesjonalne wsparcie i pe\u0142n\u0105 wyrozumia\u0142o\u015b\u0107 ka\u017cdemu klientowi. Nasza kancelaria wsp\u00f3\u0142pracuje z wyspecjalizowanymi ekspertami w dziedzinie prawa pracy. Posiadamy do\u015bwiadczenie w sprawach z prawa pracy. Staramy si\u0119 znale\u017a\u0107 skuteczne rozwi\u0105zanie dla problem\u00f3w w sporach pracowniczych oraz w s\u0105dzie pracy.<\/p>\n\n\n\n<p>Ponadto, w naszej kancelarii zajmujemy si\u0119 tak\u017ce&nbsp;<strong>przygotowywaniem um\u00f3w o prac\u0119<\/strong>, a tak\u017ce innej dokumentacji w zakresie dziedziny prawa pracy.<\/p>\n\n\n\n<h2 class=\"wp-block-heading\"><strong>Prawo pracy Krak\u00f3w<\/strong> \u2013 Spory pracownicze i s\u0105d pracy<\/h2>\n\n\n\n<p>W naszej kancelarii prowadzimy sprawy o tzw.&nbsp;<strong>spory pracownicze<\/strong>. T\u0119 dziedzin\u0119 prawa stosuje si\u0119 w wypowiadaniu um\u00f3w przez pracownika, ale tak\u017ce, kiedy wypowiedzenie umowy wynika z ch\u0119ci pracodawcy. Nasi specjali\u015bci prowadz\u0105 doradztwo tak\u017ce w przypadku zmiany warunk\u00f3w umowy o prac\u0119. Obok tego doradzamy w innych sprawach: przywr\u00f3cenia do pracy, odwo\u0142ania do s\u0105du pracy,  zakazu konkurencji czy&nbsp;<a href=\"https:\/\/www.prawo-krakow.pl\/blog\/odszkodowania\/\">uzyskanie odszkodowania<\/a>. Zajmujemy si\u0119 szerokim zakresem spraw dotycz\u0105cych prawa pracy, niezale\u017cnie od tego, czy b\u0119dziemy reprezentowa\u0107 przedsi\u0119biorstwo, czy indywidualnego pracownika.<\/p>\n\n\n\n<p><strong>Zajmujemy si\u0119 tak\u017ce profesjonalnym doradztwem z zakresu prawa pracy (Krak\u00f3w)<\/strong>. Z tego powodu serdecznie zapraszamy do kontaktu z nasz\u0105 Kancelari\u0105 Prawn\u0105 w Krakowie. Nasi prawnicy b\u0119d\u0105 w stanie lepiej pozna\u0107 Pa\u0144stwa spraw\u0119, co na pewno prze\u0142o\u017cy si\u0119 na skuteczniejsze jej rozwi\u0105zanie.<\/p>\n\n\n\n<p>Wiemy, \u017ce prawo pracy (Krak\u00f3w) dla pracownik\u00f3w, a nawet przedsi\u0119biorc\u00f3w mo\u017ce by\u0107 bardzo zawi\u0142e. Dlatego naszym celem jest niejakie przet\u0142umaczenie go na j\u0119zyk prosty. Wierzymy, \u017ce kiedy klient, kt\u00f3ry zrozumie prawo pracy (Krak\u00f3w), nie b\u0119dzie potrzebowa\u0142 pomocy w przysz\u0142o\u015bci. Rozumiemy r\u00f3wnie\u017c, \u017ce niekt\u00f3re dokumenty s\u0105 szczeg\u00f3lnie trudne do skonstruowania. W tym zakresie udzielamy konsultacji prawnych , t\u0142umacz\u0105c Pa\u0144stwu ka\u017cd\u0105  kwesti\u0119 w zrozumia\u0142y spos\u00f3b.<\/p>\n\n\n\n<h2 class=\"wp-block-heading\">Profesjonalna pomoc od ekspert\u00f3w w zakresie prawa pracy w Krakowie<\/h2>\n\n\n\n<p>Nasza kancelaria dzia\u0142a ju\u017c od d\u0142ugiego czasu. Za cel od samego pocz\u0105tku funkcjonowania postawili\u015bmy sobie zapewnienie mo\u017cliwie najwy\u017cszej jako\u015bci us\u0142ug z zakresu porad prawnych wszystkim naszym klientom. Pracownicy to prawdziwi profesjonali\u015bci, kt\u00f3rzy dzi\u0119ki zdobytemu przez lata do\u015bwiadczeniu oraz wiedzy potrafi\u0105 skutecznie i szybko znale\u017a\u0107 wyj\u015bcie z nawet najtrudniejszych sytuacji prawnych. Reprezentujemy w sprawach o <a href=\"https:\/\/www.prawo-krakow.pl\/blog\/wezwanie-do-zaplaty-wynagrodzenia\/\">zap\u0142at\u0119 zaleg\u0142ego wynagrodzenia<\/a>.<\/p>\n\n\n\n<p>Co wa\u017cne, ca\u0142y czas pozostajemy na bie\u017c\u0105co z obecnie obowi\u0105zuj\u0105cymi przepisami. Dzi\u0119ki czemu nasi klienci maj\u0105 pewno\u015b\u0107, \u017ce podejmowane przez nas dzia\u0142ania s\u0105 w pe\u0142ni zgodne z naj\u015bwie\u017cszym prawem. Do ka\u017cdej sprawy podchodzimy indywidualnie, co pozwala na bardzo uwa\u017cne zbadanie jej i przygotowanie odpowiedniego planu.<\/p>\n\n\n\n<p>Zapraszamy do <a href=\"https:\/\/www.prawo-krakow.pl\/blog\/kontakt\/\">kontaktu z naszym biurem<\/a>. Nasi specjali\u015bci ch\u0119tnie odpowiedz\u0105 na poszczeg\u00f3lne pytania odno\u015bnie prawa pracy i um\u00f3wi\u0105 spotkanie celem dok\u0142adniejszego zg\u0142\u0119bienia problemu klienta. Dzia\u0142amy na terenie Krakowa.<\/p>\n\n\n\n<h2 class=\"wp-block-heading\">Prawo pracy Krak\u00f3w \u2013 kompleksowe wsparcie<\/h2>\n\n\n\n<p>Prawo pracy jest dynamiczne i cz\u0119sto ulega zmianom. Profesjonalne wsparcie pomaga naszym klientom podejmowa\u0107 \u015bwiadome decyzje, minimalizowa\u0107 ryzyko spor\u00f3w oraz zapewni\u0107 bezpiecze\u0144stwo prawne w codziennych relacjach zawodowych. To dziedzina, w kt\u00f3rej nasze do\u015bwiadczenie i bogata wiedza przek\u0142adaj\u0105 si\u0119 na realne korzy\u015bci oraz spok\u00f3j dla klient\u00f3w.<\/p>\n\n\n\n<details class=\"wp-block-details is-layout-flow wp-block-details-is-layout-flow\"><summary>Czytaj wi\u0119cej<\/summary>\n<h2 class=\"wp-block-heading\">Prawo pracy, Krak\u00f3w \u2013 zwolnienia, rozwi\u0105zanie umowy i odszkodowania<\/h2>\n\n\n\n<p>Nieprawid\u0142owe rozwi\u0105zanie umowy o prac\u0119 mo\u017ce prowadzi\u0107 do roszcze\u0144 odszkodowawczych. Nasz specjalista pos\u0142u\u017cy fachowym doradztwem, pomagaj\u0105c zar\u00f3wno pracownikom, jak i pracodawcom w kwestiach procedury zwolnienia zgodnie z przepisami, a tak\u017ce skutecznego dochodzenia nale\u017cnych \u015bwiadcze\u0144, w tym odpraw czy odszkodowa\u0144.<\/p>\n\n\n\n<h2 class=\"wp-block-heading\"><a><\/a>Prawo pracy w Krakowie \u2013 co warto wiedzie\u0107?<\/h2>\n\n\n\n<p>Podczas ka\u017cdej wsp\u00f3\u0142pracy dbamy o najdrobniejsze szczeg\u00f3\u0142y, w tym aspekty dotycz\u0105ce czasu pracy, nadgodzin, urlop\u00f3w wypoczynkowych czy \u015bwiadcze\u0144 dodatkowych. To jedne z najcz\u0119stszych obszar\u00f3w konflikt\u00f3w w pracy, dlatego warto podej\u015b\u0107 do nich z uwag\u0105 i maksymalnym zaanga\u017cowaniem.<\/p>\n\n\n\n<p>Wsparcie prawne w ramach prawa pracy pozwala prawid\u0142owo ustali\u0107 nale\u017cno\u015bci oraz egzekwowa\u0107 prawa wynikaj\u0105ce z kodeksu pracy i wewn\u0119trznych regulamin\u00f3w firmy.<\/p>\n\n\n\n<h2 class=\"wp-block-heading\"><a><\/a>Jak si\u0119 przygotowa\u0107 do wsp\u00f3\u0142pracy?<\/h2>\n\n\n\n<p>Przygotowanie do wsp\u00f3\u0142pracy mo\u017ce u\u0142atwi\u0107 nam sprawny przebieg spotkania. Dlatego warto mie\u0107 na uwadze, \u017ce ca\u0142y proces wymaga zgromadzenia dokument\u00f3w zwi\u0105zanych z zatrudnieniem, do kt\u00f3rych zaliczamy umowy o prac\u0119, regulaminy, korespondencj\u0119 s\u0142u\u017cbow\u0105, ewidencj\u0119 czasu pracy czy dokumenty dotycz\u0105ce wynagrodze\u0144.<\/p>\n\n\n\n<p>Warto r\u00f3wnie\u017c sporz\u0105dzi\u0107 list\u0119 nurtuj\u0105cych pyta\u0144 oraz spisa\u0107 najwa\u017cniejsze zdarzenia i sytuacje konfliktowe, co u\u0142atwia ocen\u0119 sprawy czy przygotowanie dowod\u00f3w, a tak\u017ce ustalenie odpowiedniej strategii dzia\u0142ania.<\/p>\n\n\n\n<p>Wczesne skonsultowanie problemu z naszym specjalist\u0105 daje wi\u0119ksz\u0105 pewno\u015b\u0107 i szans\u0119 na pomy\u015blny przebieg sprawy, jednocze\u015bnie zapewniaj\u0105c mo\u017cliwo\u015b\u0107 wyboru optymalnego kierunku dzia\u0142ania.<\/p>\n<\/details>\n","protected":false},"excerpt":{"rendered":"<p>Ka\u017cdy pracodawca oraz pracownik podlegaj\u0105 przepisom obowi\u0105zuj\u0105cego w naszym kraju prawa pracy. Jest ono jednak bardzo rozbudowane i zawiera wiele zapis\u00f3w, kt\u00f3re dla niekt\u00f3rych os\u00f3b &#8230; <\/p>\n<p class=\"read-more-container\"><a title=\"Prawo pracy Krak\u00f3w\" class=\"read-more button\" href=\"https:\/\/www.prawo-krakow.pl\/blog\/specjalizacje\/prawo-pracy\/#more-3747\" aria-label=\"More on Prawo pracy Krak\u00f3w\">Czytaj dalej<\/a><\/p>\n","protected":false},"author":1,"featured_media":0,"parent":10,"menu_order":0,"comment_status":"closed","ping_status":"closed","template":"","meta":{"footnotes":""},"class_list":["post-3747","page","type-page","status-publish"],"yoast_head":"<!-- This site is optimized with the Yoast SEO plugin v27.3 - https:\/\/yoast.com\/product\/yoast-seo-wordpress\/ -->\n<title>Prawo Pracy Krak\u00f3w \u2013 Prawnik | prawo-krakow.pl<\/title>\n<meta name=\"description\" content=\"Prawo pracy to jedna z g\u0142\u00f3wnych specjalizacji naszej kancelarii. Zapraszamy do kontaktu. Nasi specjali\u015bci ch\u0119tnie odpowiedz\u0105 na pytania .\" \/>\n<meta name=\"robots\" content=\"index, follow, max-snippet:-1, max-image-preview:large, max-video-preview:-1\" \/>\n<link rel=\"canonical\" href=\"https:\/\/www.prawo-krakow.pl\/blog\/specjalizacje\/prawo-pracy\/\" \/>\n<meta property=\"og:locale\" content=\"pl_PL\" \/>\n<meta property=\"og:type\" content=\"article\" \/>\n<meta property=\"og:title\" content=\"Prawo Pracy Krak\u00f3w \u2013 Prawnik | prawo-krakow.pl\" \/>\n<meta property=\"og:description\" content=\"Prawo pracy to jedna z g\u0142\u00f3wnych specjalizacji naszej kancelarii. Zapraszamy do kontaktu. Nasi specjali\u015bci ch\u0119tnie odpowiedz\u0105 na pytania .\" \/>\n<meta property=\"og:url\" content=\"https:\/\/www.prawo-krakow.pl\/blog\/specjalizacje\/prawo-pracy\/\" \/>\n<meta property=\"og:site_name\" content=\"Prawnicza Kancelaria\" \/>\n<meta property=\"article:publisher\" content=\"https:\/\/www.facebook.com\/prawnikradca\" \/>\n<meta property=\"article:modified_time\" content=\"2026-01-23T08:52:10+00:00\" \/>\n<meta property=\"og:image\" content=\"https:\/\/www.prawo-krakow.pl\/blog\/wp-content\/uploads\/2021\/08\/umowa-przedwstepna-sprzedazy-nieruchomosci.jpg\" \/>\n\t<meta property=\"og:image:width\" content=\"1772\" \/>\n\t<meta property=\"og:image:height\" content=\"1183\" \/>\n\t<meta property=\"og:image:type\" content=\"image\/jpeg\" \/>\n<meta name=\"twitter:card\" content=\"summary_large_image\" \/>\n<meta name=\"twitter:label1\" content=\"Szacowany czas czytania\" \/>\n\t<meta name=\"twitter:data1\" content=\"5 minut\" \/>\n<script type=\"application\/ld+json\" class=\"yoast-schema-graph\">{\"@context\":\"https:\\\/\\\/schema.org\",\"@graph\":[{\"@type\":\"WebPage\",\"@id\":\"https:\\\/\\\/www.prawo-krakow.pl\\\/blog\\\/specjalizacje\\\/prawo-pracy\\\/\",\"url\":\"https:\\\/\\\/www.prawo-krakow.pl\\\/blog\\\/specjalizacje\\\/prawo-pracy\\\/\",\"name\":\"Prawo Pracy Krak\u00f3w \u2013 Prawnik | prawo-krakow.pl\",\"isPartOf\":{\"@id\":\"https:\\\/\\\/www.prawo-krakow.pl\\\/blog\\\/#website\"},\"primaryImageOfPage\":{\"@id\":\"https:\\\/\\\/www.prawo-krakow.pl\\\/blog\\\/specjalizacje\\\/prawo-pracy\\\/#primaryimage\"},\"image\":{\"@id\":\"https:\\\/\\\/www.prawo-krakow.pl\\\/blog\\\/specjalizacje\\\/prawo-pracy\\\/#primaryimage\"},\"thumbnailUrl\":\"https:\\\/\\\/www.prawo-krakow.pl\\\/blog\\\/wp-content\\\/uploads\\\/2021\\\/08\\\/umowa-przedwstepna-sprzedazy-nieruchomosci-300x200.jpg\",\"datePublished\":\"2021-05-09T16:41:56+00:00\",\"dateModified\":\"2026-01-23T08:52:10+00:00\",\"description\":\"Prawo pracy to jedna z g\u0142\u00f3wnych specjalizacji naszej kancelarii. Zapraszamy do kontaktu. Nasi specjali\u015bci ch\u0119tnie odpowiedz\u0105 na pytania .\",\"breadcrumb\":{\"@id\":\"https:\\\/\\\/www.prawo-krakow.pl\\\/blog\\\/specjalizacje\\\/prawo-pracy\\\/#breadcrumb\"},\"inLanguage\":\"pl-PL\",\"potentialAction\":[{\"@type\":\"ReadAction\",\"target\":[\"https:\\\/\\\/www.prawo-krakow.pl\\\/blog\\\/specjalizacje\\\/prawo-pracy\\\/\"]}]},{\"@type\":\"ImageObject\",\"inLanguage\":\"pl-PL\",\"@id\":\"https:\\\/\\\/www.prawo-krakow.pl\\\/blog\\\/specjalizacje\\\/prawo-pracy\\\/#primaryimage\",\"url\":\"https:\\\/\\\/www.prawo-krakow.pl\\\/blog\\\/wp-content\\\/uploads\\\/2021\\\/08\\\/umowa-przedwstepna-sprzedazy-nieruchomosci.jpg\",\"contentUrl\":\"https:\\\/\\\/www.prawo-krakow.pl\\\/blog\\\/wp-content\\\/uploads\\\/2021\\\/08\\\/umowa-przedwstepna-sprzedazy-nieruchomosci.jpg\",\"width\":1772,\"height\":1183,\"caption\":\"umowa przedwst\u0119pna krak\u00f3w\"},{\"@type\":\"BreadcrumbList\",\"@id\":\"https:\\\/\\\/www.prawo-krakow.pl\\\/blog\\\/specjalizacje\\\/prawo-pracy\\\/#breadcrumb\",\"itemListElement\":[{\"@type\":\"ListItem\",\"position\":1,\"name\":\"Strona g\u0142\u00f3wna\",\"item\":\"https:\\\/\\\/www.prawo-krakow.pl\\\/blog\\\/\"},{\"@type\":\"ListItem\",\"position\":2,\"name\":\"Specjalizacje\",\"item\":\"https:\\\/\\\/www.prawo-krakow.pl\\\/blog\\\/specjalizacje\\\/\"},{\"@type\":\"ListItem\",\"position\":3,\"name\":\"Prawo pracy Krak\u00f3w\"}]},{\"@type\":\"WebSite\",\"@id\":\"https:\\\/\\\/www.prawo-krakow.pl\\\/blog\\\/#website\",\"url\":\"https:\\\/\\\/www.prawo-krakow.pl\\\/blog\\\/\",\"name\":\"Prawnicza Kancelaria\",\"description\":\"Do\u015bwiadczony Prawnik\",\"publisher\":{\"@id\":\"https:\\\/\\\/www.prawo-krakow.pl\\\/blog\\\/#organization\"},\"potentialAction\":[{\"@type\":\"SearchAction\",\"target\":{\"@type\":\"EntryPoint\",\"urlTemplate\":\"https:\\\/\\\/www.prawo-krakow.pl\\\/blog\\\/?s={search_term_string}\"},\"query-input\":{\"@type\":\"PropertyValueSpecification\",\"valueRequired\":true,\"valueName\":\"search_term_string\"}}],\"inLanguage\":\"pl-PL\"},{\"@type\":\"Organization\",\"@id\":\"https:\\\/\\\/www.prawo-krakow.pl\\\/blog\\\/#organization\",\"name\":\"Kancelaria Prawna\",\"url\":\"https:\\\/\\\/www.prawo-krakow.pl\\\/blog\\\/\",\"logo\":{\"@type\":\"ImageObject\",\"inLanguage\":\"pl-PL\",\"@id\":\"https:\\\/\\\/www.prawo-krakow.pl\\\/blog\\\/#\\\/schema\\\/logo\\\/image\\\/\",\"url\":\"https:\\\/\\\/www.prawo-krakow.pl\\\/blog\\\/wp-content\\\/uploads\\\/2021\\\/04\\\/cropped-court-hammer-books-judgment-law-concept.jpg\",\"contentUrl\":\"https:\\\/\\\/www.prawo-krakow.pl\\\/blog\\\/wp-content\\\/uploads\\\/2021\\\/04\\\/cropped-court-hammer-books-judgment-law-concept.jpg\",\"width\":1000,\"height\":667,\"caption\":\"Kancelaria Prawna\"},\"image\":{\"@id\":\"https:\\\/\\\/www.prawo-krakow.pl\\\/blog\\\/#\\\/schema\\\/logo\\\/image\\\/\"},\"sameAs\":[\"https:\\\/\\\/www.facebook.com\\\/prawnikradca\"]}]}<\/script>\n<!-- \/ Yoast SEO plugin. -->","yoast_head_json":{"title":"Prawo Pracy Krak\u00f3w \u2013 Prawnik | prawo-krakow.pl","description":"Prawo pracy to jedna z g\u0142\u00f3wnych specjalizacji naszej kancelarii. Zapraszamy do kontaktu. Nasi specjali\u015bci ch\u0119tnie odpowiedz\u0105 na pytania .","robots":{"index":"index","follow":"follow","max-snippet":"max-snippet:-1","max-image-preview":"max-image-preview:large","max-video-preview":"max-video-preview:-1"},"canonical":"https:\/\/www.prawo-krakow.pl\/blog\/specjalizacje\/prawo-pracy\/","og_locale":"pl_PL","og_type":"article","og_title":"Prawo Pracy Krak\u00f3w \u2013 Prawnik | prawo-krakow.pl","og_description":"Prawo pracy to jedna z g\u0142\u00f3wnych specjalizacji naszej kancelarii. Zapraszamy do kontaktu. Nasi specjali\u015bci ch\u0119tnie odpowiedz\u0105 na pytania .","og_url":"https:\/\/www.prawo-krakow.pl\/blog\/specjalizacje\/prawo-pracy\/","og_site_name":"Prawnicza Kancelaria","article_publisher":"https:\/\/www.facebook.com\/prawnikradca","article_modified_time":"2026-01-23T08:52:10+00:00","og_image":[{"width":1772,"height":1183,"url":"https:\/\/www.prawo-krakow.pl\/blog\/wp-content\/uploads\/2021\/08\/umowa-przedwstepna-sprzedazy-nieruchomosci.jpg","type":"image\/jpeg"}],"twitter_card":"summary_large_image","twitter_misc":{"Szacowany czas czytania":"5 minut"},"schema":{"@context":"https:\/\/schema.org","@graph":[{"@type":"WebPage","@id":"https:\/\/www.prawo-krakow.pl\/blog\/specjalizacje\/prawo-pracy\/","url":"https:\/\/www.prawo-krakow.pl\/blog\/specjalizacje\/prawo-pracy\/","name":"Prawo Pracy Krak\u00f3w \u2013 Prawnik | prawo-krakow.pl","isPartOf":{"@id":"https:\/\/www.prawo-krakow.pl\/blog\/#website"},"primaryImageOfPage":{"@id":"https:\/\/www.prawo-krakow.pl\/blog\/specjalizacje\/prawo-pracy\/#primaryimage"},"image":{"@id":"https:\/\/www.prawo-krakow.pl\/blog\/specjalizacje\/prawo-pracy\/#primaryimage"},"thumbnailUrl":"https:\/\/www.prawo-krakow.pl\/blog\/wp-content\/uploads\/2021\/08\/umowa-przedwstepna-sprzedazy-nieruchomosci-300x200.jpg","datePublished":"2021-05-09T16:41:56+00:00","dateModified":"2026-01-23T08:52:10+00:00","description":"Prawo pracy to jedna z g\u0142\u00f3wnych specjalizacji naszej kancelarii. Zapraszamy do kontaktu. Nasi specjali\u015bci ch\u0119tnie odpowiedz\u0105 na pytania .","breadcrumb":{"@id":"https:\/\/www.prawo-krakow.pl\/blog\/specjalizacje\/prawo-pracy\/#breadcrumb"},"inLanguage":"pl-PL","potentialAction":[{"@type":"ReadAction","target":["https:\/\/www.prawo-krakow.pl\/blog\/specjalizacje\/prawo-pracy\/"]}]},{"@type":"ImageObject","inLanguage":"pl-PL","@id":"https:\/\/www.prawo-krakow.pl\/blog\/specjalizacje\/prawo-pracy\/#primaryimage","url":"https:\/\/www.prawo-krakow.pl\/blog\/wp-content\/uploads\/2021\/08\/umowa-przedwstepna-sprzedazy-nieruchomosci.jpg","contentUrl":"https:\/\/www.prawo-krakow.pl\/blog\/wp-content\/uploads\/2021\/08\/umowa-przedwstepna-sprzedazy-nieruchomosci.jpg","width":1772,"height":1183,"caption":"umowa przedwst\u0119pna krak\u00f3w"},{"@type":"BreadcrumbList","@id":"https:\/\/www.prawo-krakow.pl\/blog\/specjalizacje\/prawo-pracy\/#breadcrumb","itemListElement":[{"@type":"ListItem","position":1,"name":"Strona g\u0142\u00f3wna","item":"https:\/\/www.prawo-krakow.pl\/blog\/"},{"@type":"ListItem","position":2,"name":"Specjalizacje","item":"https:\/\/www.prawo-krakow.pl\/blog\/specjalizacje\/"},{"@type":"ListItem","position":3,"name":"Prawo pracy Krak\u00f3w"}]},{"@type":"WebSite","@id":"https:\/\/www.prawo-krakow.pl\/blog\/#website","url":"https:\/\/www.prawo-krakow.pl\/blog\/","name":"Prawnicza Kancelaria","description":"Do\u015bwiadczony Prawnik","publisher":{"@id":"https:\/\/www.prawo-krakow.pl\/blog\/#organization"},"potentialAction":[{"@type":"SearchAction","target":{"@type":"EntryPoint","urlTemplate":"https:\/\/www.prawo-krakow.pl\/blog\/?s={search_term_string}"},"query-input":{"@type":"PropertyValueSpecification","valueRequired":true,"valueName":"search_term_string"}}],"inLanguage":"pl-PL"},{"@type":"Organization","@id":"https:\/\/www.prawo-krakow.pl\/blog\/#organization","name":"Kancelaria Prawna","url":"https:\/\/www.prawo-krakow.pl\/blog\/","logo":{"@type":"ImageObject","inLanguage":"pl-PL","@id":"https:\/\/www.prawo-krakow.pl\/blog\/#\/schema\/logo\/image\/","url":"https:\/\/www.prawo-krakow.pl\/blog\/wp-content\/uploads\/2021\/04\/cropped-court-hammer-books-judgment-law-concept.jpg","contentUrl":"https:\/\/www.prawo-krakow.pl\/blog\/wp-content\/uploads\/2021\/04\/cropped-court-hammer-books-judgment-law-concept.jpg","width":1000,"height":667,"caption":"Kancelaria Prawna"},"image":{"@id":"https:\/\/www.prawo-krakow.pl\/blog\/#\/schema\/logo\/image\/"},"sameAs":["https:\/\/www.facebook.com\/prawnikradca"]}]}},"_links":{"self":[{"href":"https:\/\/www.prawo-krakow.pl\/blog\/wp-json\/wp\/v2\/pages\/3747","targetHints":{"allow":["GET"]}}],"collection":[{"href":"https:\/\/www.prawo-krakow.pl\/blog\/wp-json\/wp\/v2\/pages"}],"about":[{"href":"https:\/\/www.prawo-krakow.pl\/blog\/wp-json\/wp\/v2\/types\/page"}],"author":[{"embeddable":true,"href":"https:\/\/www.prawo-krakow.pl\/blog\/wp-json\/wp\/v2\/users\/1"}],"replies":[{"embeddable":true,"href":"https:\/\/www.prawo-krakow.pl\/blog\/wp-json\/wp\/v2\/comments?post=3747"}],"version-history":[{"count":21,"href":"https:\/\/www.prawo-krakow.pl\/blog\/wp-json\/wp\/v2\/pages\/3747\/revisions"}],"predecessor-version":[{"id":4924,"href":"https:\/\/www.prawo-krakow.pl\/blog\/wp-json\/wp\/v2\/pages\/3747\/revisions\/4924"}],"up":[{"embeddable":true,"href":"https:\/\/www.prawo-krakow.pl\/blog\/wp-json\/wp\/v2\/pages\/10"}],"wp:attachment":[{"href":"https:\/\/www.prawo-krakow.pl\/blog\/wp-json\/wp\/v2\/media?parent=3747"}],"curies":[{"name":"wp","href":"https:\/\/api.w.org\/{rel}","templated":true}]}}