{"id":3742,"date":"2021-05-09T15:37:01","date_gmt":"2021-05-09T15:37:01","guid":{"rendered":"https:\/\/www.prawo-krakow.pl\/blog\/?page_id=3742"},"modified":"2024-09-24T15:02:53","modified_gmt":"2024-09-24T15:02:53","slug":"odszkodowania","status":"publish","type":"page","link":"https:\/\/www.prawo-krakow.pl\/blog\/odszkodowania\/","title":{"rendered":"Odszkodowania"},"content":{"rendered":"\n<p>W naszej <a href=\"\/\">kancelarii<\/a> prowadzimy <strong>sprawy o odszkodowania<\/strong>, zar\u00f3wno w sytuacji wyst\u0105pienia b\u0142\u0119du lekarskiego, jak i w przypadku <strong>odszkodowa\u0144 powypadkowych<\/strong>.  \nDzia\u0142amy tak\u017ce w sprawach takich jak:\n  <\/p>\n\n\n\n<h2 class=\"gb-headline gb-headline-a7587b7b gb-headline-text\">Odszkodowania Krak\u00f3w<\/h2>\n\n\n\n<p>Nasza kancelaria prawna z siedzib\u0105 w Krakowie reprezentuje klient\u00f3w w sprawach o odszkodowanie na terenie ca\u0142ego kraju. Reprezentujemy klienta w sprawie o odszkodowanie przed ubezpieczycielem a nast\u0119pnie na etapie post\u0119powania s\u0105dowego. Sporz\u0105dzamy pozew o zap\u0142at\u0119 odszkodowania w sprawach o odszkodowanie powypadkowe, w sprawach  o odszkodowanie za wypadek przy pracy i w sprawach o b\u0142\u0105d lekarski.<\/p>\n\n\n\n<h1 class=\"wp-block-heading has-medium-font-size\">Jak uzyska\u0107 odszkodowanie?<\/h1>\n\n\n\n<p><strong>Pomagamy na ka\u017cdym etapie procesu dochodzenia odszkodowania, a tak\u017ce zado\u015b\u0107uczynienia.<\/strong> Ka\u017cda sprawa jest przez nas skrupulatnie analizowana, nast\u0119pnie kierujemy wezwanie do zap\u0142aty, prowadzimy negocjacje przeds\u0105dowe &#8211; a w razie ich niepowodzenia, kierujemy spraw\u0119 do s\u0105du w celu uzyskania prawomocnego orzeczenia dla klienta.\nDzia\u0142amy sprawnie i skutecznie. Zapraszamy do naszej kancelarii, funkcjonujemy <strong>na terenie Krakowa<\/strong>.<\/p>\n\n\n\n<p>Wycena sprawy ma charakter nieodp\u0142atny. Na spotkaniu prawnik dokona analizy posiadanych dokument\u00f3w koniecznych do przed\u0142o\u017cenia ubezpieczycielowi. W razie pyta\u0144 <strong><a href=\"https:\/\/www.prawo-krakow.pl\/blog\/kontakt\/\">zapraszamy do kontaktu<\/a><\/strong>.<\/p>\n","protected":false},"excerpt":{"rendered":"<p>W naszej kancelarii prowadzimy sprawy o odszkodowania, zar\u00f3wno w sytuacji wyst\u0105pienia b\u0142\u0119du lekarskiego, jak i w przypadku odszkodowa\u0144 powypadkowych. Dzia\u0142amy tak\u017ce w sprawach takich jak: &#8230; <\/p>\n<p class=\"read-more-container\"><a title=\"Odszkodowania\" class=\"read-more button\" href=\"https:\/\/www.prawo-krakow.pl\/blog\/odszkodowania\/#more-3742\" aria-label=\"More on Odszkodowania\">Czytaj dalej<\/a><\/p>\n","protected":false},"author":1,"featured_media":0,"parent":0,"menu_order":0,"comment_status":"closed","ping_status":"closed","template":"","meta":{"footnotes":""},"class_list":["post-3742","page","type-page","status-publish"],"yoast_head":"<!-- This site is optimized with the Yoast SEO plugin v27.3 - https:\/\/yoast.com\/product\/yoast-seo-wordpress\/ -->\n<title>Odszkodowania \u2013 powypadkowe, b\u0142\u0105d lekarski, inne | Krak\u00f3w<\/title>\n<meta name=\"description\" content=\"Kancelaria prawna odszkodowania. Prowadzimy sprawy o odszkodowanie za b\u0142\u0105d lekarski oraz odszkodowanie powypadkowe. Reprezentacja w s\u0105dzie.\" \/>\n<meta name=\"robots\" content=\"index, follow, max-snippet:-1, max-image-preview:large, max-video-preview:-1\" \/>\n<link rel=\"canonical\" href=\"https:\/\/www.prawo-krakow.pl\/blog\/odszkodowania\/\" \/>\n<meta property=\"og:locale\" content=\"pl_PL\" \/>\n<meta property=\"og:type\" content=\"article\" \/>\n<meta property=\"og:title\" content=\"Odszkodowania \u2013 powypadkowe, b\u0142\u0105d lekarski, inne | Krak\u00f3w\" \/>\n<meta property=\"og:description\" content=\"Kancelaria prawna odszkodowania. Prowadzimy sprawy o odszkodowanie za b\u0142\u0105d lekarski oraz odszkodowanie powypadkowe. Reprezentacja w s\u0105dzie.\" \/>\n<meta property=\"og:url\" content=\"https:\/\/www.prawo-krakow.pl\/blog\/odszkodowania\/\" \/>\n<meta property=\"og:site_name\" content=\"Prawnicza Kancelaria\" \/>\n<meta property=\"article:publisher\" content=\"https:\/\/www.facebook.com\/prawnikradca\" \/>\n<meta property=\"article:modified_time\" content=\"2024-09-24T15:02:53+00:00\" \/>\n<meta name=\"twitter:card\" content=\"summary_large_image\" \/>\n<meta name=\"twitter:label1\" content=\"Szacowany czas czytania\" \/>\n\t<meta name=\"twitter:data1\" content=\"1 minuta\" \/>\n<script type=\"application\/ld+json\" class=\"yoast-schema-graph\">{\"@context\":\"https:\\\/\\\/schema.org\",\"@graph\":[{\"@type\":\"WebPage\",\"@id\":\"https:\\\/\\\/www.prawo-krakow.pl\\\/blog\\\/odszkodowania\\\/\",\"url\":\"https:\\\/\\\/www.prawo-krakow.pl\\\/blog\\\/odszkodowania\\\/\",\"name\":\"Odszkodowania \u2013 powypadkowe, b\u0142\u0105d lekarski, inne | Krak\u00f3w\",\"isPartOf\":{\"@id\":\"https:\\\/\\\/www.prawo-krakow.pl\\\/blog\\\/#website\"},\"datePublished\":\"2021-05-09T15:37:01+00:00\",\"dateModified\":\"2024-09-24T15:02:53+00:00\",\"description\":\"Kancelaria prawna odszkodowania. Prowadzimy sprawy o odszkodowanie za b\u0142\u0105d lekarski oraz odszkodowanie powypadkowe. Reprezentacja w s\u0105dzie.\",\"breadcrumb\":{\"@id\":\"https:\\\/\\\/www.prawo-krakow.pl\\\/blog\\\/odszkodowania\\\/#breadcrumb\"},\"inLanguage\":\"pl-PL\",\"potentialAction\":[{\"@type\":\"ReadAction\",\"target\":[\"https:\\\/\\\/www.prawo-krakow.pl\\\/blog\\\/odszkodowania\\\/\"]}]},{\"@type\":\"BreadcrumbList\",\"@id\":\"https:\\\/\\\/www.prawo-krakow.pl\\\/blog\\\/odszkodowania\\\/#breadcrumb\",\"itemListElement\":[{\"@type\":\"ListItem\",\"position\":1,\"name\":\"Strona g\u0142\u00f3wna\",\"item\":\"https:\\\/\\\/www.prawo-krakow.pl\\\/blog\\\/\"},{\"@type\":\"ListItem\",\"position\":2,\"name\":\"Odszkodowania\"}]},{\"@type\":\"WebSite\",\"@id\":\"https:\\\/\\\/www.prawo-krakow.pl\\\/blog\\\/#website\",\"url\":\"https:\\\/\\\/www.prawo-krakow.pl\\\/blog\\\/\",\"name\":\"Prawnicza Kancelaria\",\"description\":\"Do\u015bwiadczony Prawnik\",\"publisher\":{\"@id\":\"https:\\\/\\\/www.prawo-krakow.pl\\\/blog\\\/#organization\"},\"potentialAction\":[{\"@type\":\"SearchAction\",\"target\":{\"@type\":\"EntryPoint\",\"urlTemplate\":\"https:\\\/\\\/www.prawo-krakow.pl\\\/blog\\\/?s={search_term_string}\"},\"query-input\":{\"@type\":\"PropertyValueSpecification\",\"valueRequired\":true,\"valueName\":\"search_term_string\"}}],\"inLanguage\":\"pl-PL\"},{\"@type\":\"Organization\",\"@id\":\"https:\\\/\\\/www.prawo-krakow.pl\\\/blog\\\/#organization\",\"name\":\"Kancelaria Prawna\",\"url\":\"https:\\\/\\\/www.prawo-krakow.pl\\\/blog\\\/\",\"logo\":{\"@type\":\"ImageObject\",\"inLanguage\":\"pl-PL\",\"@id\":\"https:\\\/\\\/www.prawo-krakow.pl\\\/blog\\\/#\\\/schema\\\/logo\\\/image\\\/\",\"url\":\"https:\\\/\\\/www.prawo-krakow.pl\\\/blog\\\/wp-content\\\/uploads\\\/2021\\\/04\\\/cropped-court-hammer-books-judgment-law-concept.jpg\",\"contentUrl\":\"https:\\\/\\\/www.prawo-krakow.pl\\\/blog\\\/wp-content\\\/uploads\\\/2021\\\/04\\\/cropped-court-hammer-books-judgment-law-concept.jpg\",\"width\":1000,\"height\":667,\"caption\":\"Kancelaria Prawna\"},\"image\":{\"@id\":\"https:\\\/\\\/www.prawo-krakow.pl\\\/blog\\\/#\\\/schema\\\/logo\\\/image\\\/\"},\"sameAs\":[\"https:\\\/\\\/www.facebook.com\\\/prawnikradca\"]}]}<\/script>\n<!-- \/ Yoast SEO plugin. -->","yoast_head_json":{"title":"Odszkodowania \u2013 powypadkowe, b\u0142\u0105d lekarski, inne | Krak\u00f3w","description":"Kancelaria prawna odszkodowania. Prowadzimy sprawy o odszkodowanie za b\u0142\u0105d lekarski oraz odszkodowanie powypadkowe. Reprezentacja w s\u0105dzie.","robots":{"index":"index","follow":"follow","max-snippet":"max-snippet:-1","max-image-preview":"max-image-preview:large","max-video-preview":"max-video-preview:-1"},"canonical":"https:\/\/www.prawo-krakow.pl\/blog\/odszkodowania\/","og_locale":"pl_PL","og_type":"article","og_title":"Odszkodowania \u2013 powypadkowe, b\u0142\u0105d lekarski, inne | Krak\u00f3w","og_description":"Kancelaria prawna odszkodowania. Prowadzimy sprawy o odszkodowanie za b\u0142\u0105d lekarski oraz odszkodowanie powypadkowe. Reprezentacja w s\u0105dzie.","og_url":"https:\/\/www.prawo-krakow.pl\/blog\/odszkodowania\/","og_site_name":"Prawnicza Kancelaria","article_publisher":"https:\/\/www.facebook.com\/prawnikradca","article_modified_time":"2024-09-24T15:02:53+00:00","twitter_card":"summary_large_image","twitter_misc":{"Szacowany czas czytania":"1 minuta"},"schema":{"@context":"https:\/\/schema.org","@graph":[{"@type":"WebPage","@id":"https:\/\/www.prawo-krakow.pl\/blog\/odszkodowania\/","url":"https:\/\/www.prawo-krakow.pl\/blog\/odszkodowania\/","name":"Odszkodowania \u2013 powypadkowe, b\u0142\u0105d lekarski, inne | Krak\u00f3w","isPartOf":{"@id":"https:\/\/www.prawo-krakow.pl\/blog\/#website"},"datePublished":"2021-05-09T15:37:01+00:00","dateModified":"2024-09-24T15:02:53+00:00","description":"Kancelaria prawna odszkodowania. Prowadzimy sprawy o odszkodowanie za b\u0142\u0105d lekarski oraz odszkodowanie powypadkowe. Reprezentacja w s\u0105dzie.","breadcrumb":{"@id":"https:\/\/www.prawo-krakow.pl\/blog\/odszkodowania\/#breadcrumb"},"inLanguage":"pl-PL","potentialAction":[{"@type":"ReadAction","target":["https:\/\/www.prawo-krakow.pl\/blog\/odszkodowania\/"]}]},{"@type":"BreadcrumbList","@id":"https:\/\/www.prawo-krakow.pl\/blog\/odszkodowania\/#breadcrumb","itemListElement":[{"@type":"ListItem","position":1,"name":"Strona g\u0142\u00f3wna","item":"https:\/\/www.prawo-krakow.pl\/blog\/"},{"@type":"ListItem","position":2,"name":"Odszkodowania"}]},{"@type":"WebSite","@id":"https:\/\/www.prawo-krakow.pl\/blog\/#website","url":"https:\/\/www.prawo-krakow.pl\/blog\/","name":"Prawnicza Kancelaria","description":"Do\u015bwiadczony Prawnik","publisher":{"@id":"https:\/\/www.prawo-krakow.pl\/blog\/#organization"},"potentialAction":[{"@type":"SearchAction","target":{"@type":"EntryPoint","urlTemplate":"https:\/\/www.prawo-krakow.pl\/blog\/?s={search_term_string}"},"query-input":{"@type":"PropertyValueSpecification","valueRequired":true,"valueName":"search_term_string"}}],"inLanguage":"pl-PL"},{"@type":"Organization","@id":"https:\/\/www.prawo-krakow.pl\/blog\/#organization","name":"Kancelaria Prawna","url":"https:\/\/www.prawo-krakow.pl\/blog\/","logo":{"@type":"ImageObject","inLanguage":"pl-PL","@id":"https:\/\/www.prawo-krakow.pl\/blog\/#\/schema\/logo\/image\/","url":"https:\/\/www.prawo-krakow.pl\/blog\/wp-content\/uploads\/2021\/04\/cropped-court-hammer-books-judgment-law-concept.jpg","contentUrl":"https:\/\/www.prawo-krakow.pl\/blog\/wp-content\/uploads\/2021\/04\/cropped-court-hammer-books-judgment-law-concept.jpg","width":1000,"height":667,"caption":"Kancelaria Prawna"},"image":{"@id":"https:\/\/www.prawo-krakow.pl\/blog\/#\/schema\/logo\/image\/"},"sameAs":["https:\/\/www.facebook.com\/prawnikradca"]}]}},"_links":{"self":[{"href":"https:\/\/www.prawo-krakow.pl\/blog\/wp-json\/wp\/v2\/pages\/3742","targetHints":{"allow":["GET"]}}],"collection":[{"href":"https:\/\/www.prawo-krakow.pl\/blog\/wp-json\/wp\/v2\/pages"}],"about":[{"href":"https:\/\/www.prawo-krakow.pl\/blog\/wp-json\/wp\/v2\/types\/page"}],"author":[{"embeddable":true,"href":"https:\/\/www.prawo-krakow.pl\/blog\/wp-json\/wp\/v2\/users\/1"}],"replies":[{"embeddable":true,"href":"https:\/\/www.prawo-krakow.pl\/blog\/wp-json\/wp\/v2\/comments?post=3742"}],"version-history":[{"count":11,"href":"https:\/\/www.prawo-krakow.pl\/blog\/wp-json\/wp\/v2\/pages\/3742\/revisions"}],"predecessor-version":[{"id":4733,"href":"https:\/\/www.prawo-krakow.pl\/blog\/wp-json\/wp\/v2\/pages\/3742\/revisions\/4733"}],"wp:attachment":[{"href":"https:\/\/www.prawo-krakow.pl\/blog\/wp-json\/wp\/v2\/media?parent=3742"}],"curies":[{"name":"wp","href":"https:\/\/api.w.org\/{rel}","templated":true}]}}